{"id":15034,"date":"2022-11-24T10:35:45","date_gmt":"2022-11-24T15:35:45","guid":{"rendered":"https:\/\/innovativemedicines.ca\/la-resistance-aux-antibiotiques\/thanks\/"},"modified":"2022-11-25T13:19:02","modified_gmt":"2022-11-25T18:19:02","slug":"merci","status":"publish","type":"page","link":"https:\/\/innovativemedicines.ca\/fr\/la-resistance-aux-antibiotiques\/merci\/","title":{"rendered":"Merci"},"content":{"rendered":"\n<div class=\"wp-block-group alignwide has-white-background-color has-background\"><div class=\"wp-block-group__inner-container is-layout-flow wp-block-group-is-layout-flow\">\n<h2 class=\"is-style-default has-underline wp-block-heading\">Merci!<\/h2>\n\n\n\n<div class=\"wp-block-group alignwide\"><div class=\"wp-block-group__inner-container is-layout-flow wp-block-group-is-layout-flow\">\n<p class=\"two-third-container has-lead-font-size\">Merci de nous faire part de vos r\u00e9flexions et de vous renseigner sur la n\u00e9cessit\u00e9 de prendre des mesures de protection contre la RAM au pays! Ensemble, nous pouvons prot\u00e9ger notre syst\u00e8me de sant\u00e9 et nous assurer que les Canadiens ont acc\u00e8s aux antibiotiques dont ils ont besoin.<\/p>\n<\/div><\/div>\n\n\n\n<div class=\"wp-block-buttons is-layout-flex wp-block-buttons-is-layout-flex\">\n<div class=\"wp-block-button is-style-outline black-btn-icon is-style-outline--1\"><a class=\"wp-block-button__link has-black-color has-text-color\" href=\"\/fr\/la-resistance-aux-antibiotiques\/\">Retournez \u00e0 la page pour en apprendre plus  <i class=\"far fa-arrow-right\" aria-label=\"\"><\/i><\/a><\/div>\n<\/div>\n<\/div><\/div>\n","protected":false},"excerpt":{"rendered":"<p>Merci! Merci de nous faire part de vos r\u00e9flexions et de vous renseigner sur la n\u00e9cessit\u00e9 de prendre des mesures [&hellip;]<\/p>\n","protected":false},"author":11,"featured_media":0,"parent":14955,"menu_order":0,"comment_status":"closed","ping_status":"closed","template":"","meta":{"_relevanssi_hide_post":"","_relevanssi_hide_content":"","_relevanssi_pin_for_all":"","_relevanssi_pin_keywords":"","_relevanssi_unpin_keywords":"","_relevanssi_related_keywords":"","_relevanssi_related_include_ids":"","_relevanssi_related_exclude_ids":"","_relevanssi_related_no_append":"","_relevanssi_related_not_related":"","_relevanssi_related_posts":"9075,9077,9078,9079,9083,9084","_relevanssi_noindex_reason":"","footnotes":""},"class_list":["post-15034","page","type-page","status-publish","hentry"],"yoast_head":"<!-- This site is optimized with the Yoast SEO plugin v27.4 - https:\/\/yoast.com\/product\/yoast-seo-wordpress\/ -->\n<title>Merci - Innovative Medicines Canada<\/title>\n<meta name=\"robots\" content=\"index, follow, max-snippet:-1, max-image-preview:large, max-video-preview:-1\" \/>\n<link rel=\"canonical\" href=\"https:\/\/innovativemedicines.ca\/fr\/la-resistance-aux-antibiotiques\/merci\/\" \/>\n<meta property=\"og:locale\" content=\"fr_FR\" \/>\n<meta property=\"og:type\" content=\"article\" \/>\n<meta property=\"og:title\" content=\"Merci - Innovative Medicines Canada\" \/>\n<meta property=\"og:description\" content=\"Merci! Merci de nous faire part de vos r\u00e9flexions et de vous renseigner sur la n\u00e9cessit\u00e9 de prendre des mesures [&hellip;]\" \/>\n<meta property=\"og:url\" content=\"https:\/\/innovativemedicines.ca\/fr\/la-resistance-aux-antibiotiques\/merci\/\" \/>\n<meta property=\"og:site_name\" content=\"Innovative Medicines Canada\" \/>\n<meta property=\"article:modified_time\" content=\"2022-11-25T18:19:02+00:00\" \/>\n<meta name=\"twitter:card\" content=\"summary_large_image\" \/>\n<script type=\"application\/ld+json\" class=\"yoast-schema-graph\">{\"@context\":\"https:\\\/\\\/schema.org\",\"@graph\":[{\"@type\":\"WebPage\",\"@id\":\"https:\\\/\\\/innovativemedicines.ca\\\/fr\\\/la-resistance-aux-antibiotiques\\\/merci\\\/\",\"url\":\"https:\\\/\\\/innovativemedicines.ca\\\/fr\\\/la-resistance-aux-antibiotiques\\\/merci\\\/\",\"name\":\"Merci - Innovative Medicines Canada\",\"isPartOf\":{\"@id\":\"https:\\\/\\\/innovativemedicines.ca\\\/fr\\\/#website\"},\"datePublished\":\"2022-11-24T15:35:45+00:00\",\"dateModified\":\"2022-11-25T18:19:02+00:00\",\"breadcrumb\":{\"@id\":\"https:\\\/\\\/innovativemedicines.ca\\\/fr\\\/la-resistance-aux-antibiotiques\\\/merci\\\/#breadcrumb\"},\"inLanguage\":\"fr-FR\",\"potentialAction\":[{\"@type\":\"ReadAction\",\"target\":[\"https:\\\/\\\/innovativemedicines.ca\\\/fr\\\/la-resistance-aux-antibiotiques\\\/merci\\\/\"]}]},{\"@type\":\"BreadcrumbList\",\"@id\":\"https:\\\/\\\/innovativemedicines.ca\\\/fr\\\/la-resistance-aux-antibiotiques\\\/merci\\\/#breadcrumb\",\"itemListElement\":[{\"@type\":\"ListItem\",\"position\":1,\"name\":\"Home\",\"item\":\"https:\\\/\\\/innovativemedicines.ca\\\/fr\\\/\"},{\"@type\":\"ListItem\",\"position\":2,\"name\":\"Page de destination RAM\",\"item\":\"https:\\\/\\\/innovativemedicines.ca\\\/fr\\\/la-resistance-aux-antibiotiques\\\/\"},{\"@type\":\"ListItem\",\"position\":3,\"name\":\"Merci\"}]},{\"@type\":\"WebSite\",\"@id\":\"https:\\\/\\\/innovativemedicines.ca\\\/fr\\\/#website\",\"url\":\"https:\\\/\\\/innovativemedicines.ca\\\/fr\\\/\",\"name\":\"Innovative Medicines Canada\",\"description\":\"Transforming Canadians\u2019 lives\",\"potentialAction\":[{\"@type\":\"SearchAction\",\"target\":{\"@type\":\"EntryPoint\",\"urlTemplate\":\"https:\\\/\\\/innovativemedicines.ca\\\/fr\\\/?s={search_term_string}\"},\"query-input\":{\"@type\":\"PropertyValueSpecification\",\"valueRequired\":true,\"valueName\":\"search_term_string\"}}],\"inLanguage\":\"fr-FR\"}]}<\/script>\n<!-- \/ Yoast SEO plugin. -->","yoast_head_json":{"title":"Merci - Innovative Medicines Canada","robots":{"index":"index","follow":"follow","max-snippet":"max-snippet:-1","max-image-preview":"max-image-preview:large","max-video-preview":"max-video-preview:-1"},"canonical":"https:\/\/innovativemedicines.ca\/fr\/la-resistance-aux-antibiotiques\/merci\/","og_locale":"fr_FR","og_type":"article","og_title":"Merci - Innovative Medicines Canada","og_description":"Merci! Merci de nous faire part de vos r\u00e9flexions et de vous renseigner sur la n\u00e9cessit\u00e9 de prendre des mesures [&hellip;]","og_url":"https:\/\/innovativemedicines.ca\/fr\/la-resistance-aux-antibiotiques\/merci\/","og_site_name":"Innovative Medicines Canada","article_modified_time":"2022-11-25T18:19:02+00:00","twitter_card":"summary_large_image","schema":{"@context":"https:\/\/schema.org","@graph":[{"@type":"WebPage","@id":"https:\/\/innovativemedicines.ca\/fr\/la-resistance-aux-antibiotiques\/merci\/","url":"https:\/\/innovativemedicines.ca\/fr\/la-resistance-aux-antibiotiques\/merci\/","name":"Merci - Innovative Medicines Canada","isPartOf":{"@id":"https:\/\/innovativemedicines.ca\/fr\/#website"},"datePublished":"2022-11-24T15:35:45+00:00","dateModified":"2022-11-25T18:19:02+00:00","breadcrumb":{"@id":"https:\/\/innovativemedicines.ca\/fr\/la-resistance-aux-antibiotiques\/merci\/#breadcrumb"},"inLanguage":"fr-FR","potentialAction":[{"@type":"ReadAction","target":["https:\/\/innovativemedicines.ca\/fr\/la-resistance-aux-antibiotiques\/merci\/"]}]},{"@type":"BreadcrumbList","@id":"https:\/\/innovativemedicines.ca\/fr\/la-resistance-aux-antibiotiques\/merci\/#breadcrumb","itemListElement":[{"@type":"ListItem","position":1,"name":"Home","item":"https:\/\/innovativemedicines.ca\/fr\/"},{"@type":"ListItem","position":2,"name":"Page de destination RAM","item":"https:\/\/innovativemedicines.ca\/fr\/la-resistance-aux-antibiotiques\/"},{"@type":"ListItem","position":3,"name":"Merci"}]},{"@type":"WebSite","@id":"https:\/\/innovativemedicines.ca\/fr\/#website","url":"https:\/\/innovativemedicines.ca\/fr\/","name":"Innovative Medicines Canada","description":"Transforming Canadians\u2019 lives","potentialAction":[{"@type":"SearchAction","target":{"@type":"EntryPoint","urlTemplate":"https:\/\/innovativemedicines.ca\/fr\/?s={search_term_string}"},"query-input":{"@type":"PropertyValueSpecification","valueRequired":true,"valueName":"search_term_string"}}],"inLanguage":"fr-FR"}]}},"_links":{"self":[{"href":"https:\/\/innovativemedicines.ca\/fr\/wp-json\/wp\/v2\/pages\/15034","targetHints":{"allow":["GET"]}}],"collection":[{"href":"https:\/\/innovativemedicines.ca\/fr\/wp-json\/wp\/v2\/pages"}],"about":[{"href":"https:\/\/innovativemedicines.ca\/fr\/wp-json\/wp\/v2\/types\/page"}],"author":[{"embeddable":true,"href":"https:\/\/innovativemedicines.ca\/fr\/wp-json\/wp\/v2\/users\/11"}],"replies":[{"embeddable":true,"href":"https:\/\/innovativemedicines.ca\/fr\/wp-json\/wp\/v2\/comments?post=15034"}],"version-history":[{"count":0,"href":"https:\/\/innovativemedicines.ca\/fr\/wp-json\/wp\/v2\/pages\/15034\/revisions"}],"up":[{"embeddable":true,"href":"https:\/\/innovativemedicines.ca\/fr\/wp-json\/wp\/v2\/pages\/14955"}],"wp:attachment":[{"href":"https:\/\/innovativemedicines.ca\/fr\/wp-json\/wp\/v2\/media?parent=15034"}],"curies":[{"name":"wp","href":"https:\/\/api.w.org\/{rel}","templated":true}]}}