{"id":13885,"date":"2022-05-12T13:41:12","date_gmt":"2022-05-12T17:41:12","guid":{"rendered":"https:\/\/imedcprod.wpengine.com\/?page_id=13885"},"modified":"2022-06-27T20:05:14","modified_gmt":"2022-06-28T00:05:14","slug":"conditions-dutilisation","status":"publish","type":"page","link":"https:\/\/innovativemedicines.ca\/fr\/conditions-dutilisation\/","title":{"rendered":"Conditions d\u2019utilisation"},"content":{"rendered":"\n<div class=\"wp-block-cover alignfull is-light has-custom-content-position is-position-bottom-left hero tall\"><span aria-hidden=\"true\" class=\"wp-block-cover__gradient-background has-background-dim has-background-gradient\" style=\"background:linear-gradient(360deg,#000000CB 0%,#00000033 100%)\"><\/span><img loading=\"lazy\" decoding=\"async\" width=\"1920\" height=\"1281\" class=\"wp-block-cover__image-background wp-image-13659\" alt=\"\" src=\"https:\/\/innovativemedicines.ca\/wp-content\/uploads\/2022\/06\/terms-conditions-hero.jpg\" data-object-fit=\"cover\" srcset=\"https:\/\/innovativemedicines.ca\/wp-content\/uploads\/2022\/06\/terms-conditions-hero.jpg 1920w, https:\/\/innovativemedicines.ca\/wp-content\/uploads\/2022\/06\/terms-conditions-hero-300x200.jpg 300w, https:\/\/innovativemedicines.ca\/wp-content\/uploads\/2022\/06\/terms-conditions-hero-1024x683.jpg 1024w, https:\/\/innovativemedicines.ca\/wp-content\/uploads\/2022\/06\/terms-conditions-hero-768x512.jpg 768w, https:\/\/innovativemedicines.ca\/wp-content\/uploads\/2022\/06\/terms-conditions-hero-1536x1025.jpg 1536w, https:\/\/innovativemedicines.ca\/wp-content\/uploads\/2022\/06\/terms-conditions-hero-744x496.jpg 744w, https:\/\/innovativemedicines.ca\/wp-content\/uploads\/2022\/06\/terms-conditions-hero-800x534.jpg 800w\" sizes=\"auto, (max-width: 1920px) 100vw, 1920px\" \/><div class=\"wp-block-cover__inner-container is-layout-flow wp-block-cover-is-layout-flow\">\n<div class=\"wp-block-group\"><div class=\"wp-block-group__inner-container is-layout-flow wp-block-group-is-layout-flow\"><h1 class=\"wp-block-post-title has-text-color has-white-color\">Conditions d\u2019utilisation<\/h1>\n\n\n<p class=\"h4 has-white-color has-text-color\">Veuillez reviser avant d\u2019utiliser notre site Web.<\/p>\n<\/div><\/div>\n<\/div><\/div>\n\n\n\n<div class=\"wp-block-group\"><div class=\"wp-block-group__inner-container is-layout-flow wp-block-group-is-layout-flow\">\n<h2 class=\"wp-block-heading\">Introduction<\/h2>\n\n\n\n<p>Bienvenue sur le site Web (ci-apr\u00e8s appel\u00e9 le \u00ab&nbsp;site&nbsp;\u00bb) de M\u00e9dicaments novateurs Canada (ci-apr\u00e8s appel\u00e9e \u00ab&nbsp;MNC&nbsp;\u00bb). Sauf indication contraire, lorsque les termes \u00ab&nbsp;M\u00e9dicaments novateurs Canada&nbsp;\u00bb et \u00ab&nbsp;MNC&nbsp;\u00bb sont utilis\u00e9s dans le pr\u00e9sent site, ils incluent les dirigeants, les directeurs, les employ\u00e9s, les successeurs, les ayants droit et les membres de l\u2019association, lesquels sont collectivement d\u00e9sign\u00e9s par \u00ab&nbsp;nous&nbsp;\u00bb, \u00ab&nbsp;nos&nbsp;\u00bb ou \u00ab&nbsp;notre&nbsp;\u00bb.<\/p>\n\n\n\n<p>Veuillez lire les pr\u00e9sentes conditions d\u2019utilisation attentivement avant d\u2019utiliser ce site. En utilisant ce site, vous en acceptez les conditions d\u2019utilisation. Si vous n\u2019acceptez pas les pr\u00e9sentes conditions d\u2019utilisation, veuillez ne pas utiliser ce site. Nous nous r\u00e9servons le droit, \u00e0 notre enti\u00e8re discr\u00e9tion, de changer, de modifier, d\u2019ajouter ou de retirer des passages des pr\u00e9sentes conditions d\u2019utilisation en tout temps. Veuillez les relire de temps \u00e0 autre pour \u00eatre au fait des changements. Votre utilisation du site \u00e0 la suite de changements apport\u00e9s aux pr\u00e9sentes conditions d\u2019utilisation signifie que vous acceptez ces changements.<\/p>\n\n\n\n<h2 class=\"wp-block-heading\"><a><\/a>Marques de commerce et droits d\u2019auteur<\/h2>\n\n\n\n<p>Tous les noms, les titres, les logos et les dessins utilis\u00e9s sur le site pour nous identifier, y compris tous les noms d\u00e9riv\u00e9s et reli\u00e9s, les noms de domaine, les titres, les logos et les dessins, sont des marques de commerce et la propri\u00e9t\u00e9 exclusive de MNC. Tous les autres noms, noms de domaine, titres, logos et dessins apparaissant dans le site sont la propri\u00e9t\u00e9 de leurs propri\u00e9taires respectifs, notamment, mais sans s\u2019y limiter, de nos membres.<\/p>\n\n\n\n<p>Ce site contient des documents prot\u00e9g\u00e9s par un droit d\u2019auteur, des marques de commerce et d\u2019autres renseignements commerciaux de nature exclusive, notamment, mais sans s\u2019y limiter, du texte, des photos, des graphiques, des images, des illustrations, du mat\u00e9riel audio, du mat\u00e9riel vid\u00e9o et des logiciels (collectivement appel\u00e9s les \u00ab&nbsp;documents&nbsp;\u00bb). Tout le contenu du site est \u00e9galement prot\u00e9g\u00e9 par un droit d\u2019auteur en tant que compilation ou \u0153uvre de collaboration divise aux termes des lois canadiennes sur le droit d\u2019auteur, des conventions internationales et d\u2019autres lois sur le droit d\u2019auteur. Nous sommes propri\u00e9taires du droit d\u2019auteur relatif \u00e0 nos documents originaux et \u00e0 la s\u00e9lection, \u00e0 la coordination, \u00e0 l\u2019arrangement et \u00e0 l\u2019am\u00e9lioration de ces documents, et nous nous r\u00e9servons tous les droits relatifs \u00e0 ces documents.<\/p>\n\n\n\n<p>Aucun document ne peut \u00eatre copi\u00e9, reproduit, publi\u00e9 ailleurs, t\u00e9l\u00e9charg\u00e9, affich\u00e9, transmis ou distribu\u00e9 d\u2019aucune mani\u00e8re sans notre consentement expr\u00e8s par \u00e9crit (veuillez \u00e9crire \u00e0 l\u2019adresse <a href=\"mailto:info@imc-mnc.ca\">info@imc-mnc.ca<\/a>). Vous pouvez cependant, s\u2019il y a lieu, t\u00e9l\u00e9charger un exemplaire sur un seul ordinateur pour votre utilisation personnelle et non commerciale, sous r\u00e9serve que\u00a0: i)\u00a0vous gardiez intact tous les droits d\u2019auteurs et les avis de propri\u00e9t\u00e9; ii)\u00a0vous ne modifiez pas les documents; iii)\u00a0vous n\u2019utilisiez pas les documents d\u2019une mani\u00e8re qui sugg\u00e8re un lien avec nous ou l\u2019un de nos membres; et iv)\u00a0vous acceptiez de ne pas acqu\u00e9rir des droits de propri\u00e9t\u00e9 ou d\u2019autres droits d\u2019utilisation en t\u00e9l\u00e9chargeant les documents. L\u2019utilisation des documents dans tout autre site Web est formellement interdite.<\/p>\n\n\n\n<h2 class=\"wp-block-heading\"><a><\/a>Confidentialit\u00e9<\/h2>\n\n\n\n<p>L\u2019utilisation du site est assujettie \u00e0 la politique de confidentialit\u00e9 de MNC, laquelle constitue un \u00e9l\u00e9ment des pr\u00e9sentes conditions d\u2019utilisation.<\/p>\n\n\n\n<h2 class=\"wp-block-heading\"><a><\/a>Liens vers d\u2019autres sites Web<\/h2>\n\n\n\n<p>Il est possible que nous offrions, en tant que service aux visiteurs du site, des liens vers d\u2019autres sites Web sur lesquels nous n\u2019exer\u00e7ons aucun contr\u00f4le. Nous ne cautionnons pas ces autres sites, et n\u2019offrons pas de garanties ou de repr\u00e9sentations de quelque nature que ce soit les concernant, notamment en ce qui a trait aux produits, aux logiciels, aux documents, aux services ou au contenu, ou encore \u00e0 l\u2019exactitude ou \u00e0 l\u2019ad\u00e9quation du contenu de tels autres sites. Votre d\u00e9cision d\u2019acc\u00e9der \u00e0 de tels autres sites est enti\u00e8rement \u00e0 vos risques et \u00e0 votre discr\u00e9tion. Nous nous r\u00e9servons le droit de d\u00e9sactiver sans pr\u00e9avis tous les liens en provenance du pr\u00e9sent site et menant \u00e0 celui-ci.<\/p>\n\n\n\n<h2 class=\"wp-block-heading\"><a><\/a>Contenu g\u00e9n\u00e9r\u00e9 par l\u2019utilisateur<\/h2>\n\n\n\n<p>Vous reconnaissez que tout le contenu, les offres, les renseignements, les commentaires, les opinions ou les autres informations (collectivement appel\u00e9s le \u00ab&nbsp;contenu g\u00e9n\u00e9r\u00e9 par l\u2019utilisateur&nbsp;\u00bb) que vous d\u00e9posez dans le site deviennent notre propri\u00e9t\u00e9, y compris tous les droits d\u2019auteur, sans r\u00e9serve. Vous renoncez en notre faveur \u00e0 tous les droits moraux que vous pourriez d\u00e9tenir relativement \u00e0 ces \u00e9l\u00e9ments. Vous reconnaissez \u00e9galement et acceptez qu\u2019une partie ou l\u2019ensemble du contenu g\u00e9n\u00e9r\u00e9 par l\u2019utilisateur puisse \u00eatre utilis\u00e9, mis en forme, reproduit, publi\u00e9, traduit, accord\u00e9 sous licence, copi\u00e9 et distribu\u00e9, ou incorpor\u00e9 dans d\u2019autres travaux sous toute forme, dans un m\u00e9dia ou par une technologie connue ou con\u00e7ue ult\u00e9rieurement pour toute la dur\u00e9e de tout droit d\u2019auteur qui peut exister pour un tel contenu, sans qu\u2019aucune compensation ne vous soit due.<\/p>\n\n\n\n<p>En nous soumettant du contenu g\u00e9n\u00e9r\u00e9 par l\u2019utilisateur, vous garantissez que vous d\u00e9tenez tout le pouvoir et tous les droits n\u00e9cessaires pour soumettre ce contenu et qu\u2019il n\u2019est pas assujetti \u00e0 un droit d\u2019auteur ou \u00e0 un autre droit de propri\u00e9t\u00e9 d\u2019un tiers. Nous nous r\u00e9servons \u00e9galement le droit de ne pas publier ou de retirer de notre site tout contenu g\u00e9n\u00e9r\u00e9 par l\u2019utilisateur que nous jugeons inappropri\u00e9, sans pr\u00e9avis et pour quelque raison que ce soit.<\/p>\n\n\n\n<h2 class=\"wp-block-heading\"><a><\/a>Exon\u00e9ration et limitation de responsabilit\u00e9<\/h2>\n\n\n\n<p>Le site et son contenu sont fournis tels quels, sans repr\u00e9sentations, garanties ou stipulations de quelque sorte, qu\u2019elles soient expresses ou implicites. Dans la plus grande mesure permise par les lois applicables, nous d\u00e9clinons toutes les garanties et conditions, expresses ou implicites, notamment, mais sans s\u2019y limiter, les garanties implicites de qualit\u00e9 marchande et d\u2019adaptation \u00e0 un usage particulier. Nous ne garantissons pas que le site ou les serveurs qui donnent acc\u00e8s \u00e0 son contenu seront exploitables, ininterrompus et exempts de virus ou d\u2019erreur, ou que les d\u00e9fauts qu\u2019ils pourraient contenir seront trouv\u00e9s ou corrig\u00e9s. Nous ne garantissons pas non plus la pr\u00e9cision, la rapidit\u00e9 de diffusion, l\u2019authenticit\u00e9, l\u2019exhaustivit\u00e9 ou la fiabilit\u00e9 des renseignements, du contenu, des services ou des autres produits d\u00e9riv\u00e9s fournis sur le site.<\/p>\n\n\n\n<p>Vous reconnaissez et acceptez formellement que l\u2019utilisation du site soit \u00e0 votre risque et \u00e0 votre discr\u00e9tion. Vous acceptez de nous indemniser et de d\u00e9gager totalement de toute responsabilit\u00e9 nos directeurs, nos dirigeants, nos employ\u00e9s, nos agents, nos membres et nos repr\u00e9sentants relativement \u00e0 toute r\u00e9clamation due ou reli\u00e9e d\u2019une quelconque fa\u00e7on \u00e0 l\u2019utilisation que vous faites du site, notamment des documents que vous affichez, t\u00e9l\u00e9chargez ou d\u00e9posez, du contenu que vous g\u00e9n\u00e9rez ou de votre incapacit\u00e9 \u00e0 vous conformer aux pr\u00e9sentes conditions d\u2019utilisation. En aucun cas nous ou nos directeurs, nos dirigeants, nos employ\u00e9s, nos agents, nos membres et nos repr\u00e9sentants ne serons redevables \u00e0 une quelconque partie, dans n\u2019importe quelles circonstances, des dommages indirects, accessoires, particuliers ou cons\u00e9cutifs, ou des gains manqu\u00e9s r\u00e9sultants de votre utilisation ou de votre incapacit\u00e9 \u00e0 utiliser le pr\u00e9sent site, ou les documents et les fonctions qui s\u2019y trouvent, m\u00eame si nous avons \u00e9t\u00e9 avis\u00e9s de la possibilit\u00e9 de tels dommages. Notre responsabilit\u00e9 envers vous pour des dommages, des pertes et des causes d\u2019action (qu\u2019il s\u2019agisse d\u2019un d\u00e9lit civil, de n\u00e9gligence, d\u2019une loi, d\u2019un contrat, de common law, d\u2019\u00e9quit\u00e9 ou autre) n\u2019exc\u00e9dera en aucun cas le montant que vous nous avez vers\u00e9, le cas \u00e9ch\u00e9ant, pour acc\u00e9der au site.<\/p>\n\n\n\n<h2 class=\"wp-block-heading\"><a><\/a>Loi applicable et comp\u00e9tence<\/h2>\n\n\n\n<p>Nous assurons le contr\u00f4le du site \u00e0 partir de notre bureau situ\u00e9 en Ontario, au Canada. Nous ne faisons aucune repr\u00e9sentation quant au caract\u00e8re appropri\u00e9 ou \u00e0 la disponibilit\u00e9 des documents du site \u00e0 partir de tout endroit situ\u00e9 \u00e0 l\u2019ext\u00e9rieur du Canada. Les personnes qui choisissent de visiter et d\u2019utiliser le site le font de leur propre initiative et sont enti\u00e8rement responsables de se conformer aux lois locales.<\/p>\n\n\n\n<p>Il est possible d\u2019acc\u00e9der au site \u00e0 partir de toutes les provinces et de tous les territoires du Canada, de m\u00eame que d\u2019autres pays. Chacune de ces collectivit\u00e9s publiques poss\u00e8de des lois qui peuvent diff\u00e9rer de celles de la province de l\u2019Ontario. En acc\u00e9dant au site, vous consentez \u00e0 ce que toutes les questions concernant l\u2019acc\u00e8s \u00e0 ce site ou son utilisation, ou relatives \u00e0 tout autre site Web hyperli\u00e9 au pr\u00e9sent site, soient r\u00e9gies par les lois de la province de l\u2019Ontario et par les lois f\u00e9d\u00e9rales canadiennes applicables.<\/p>\n\n\n\n<p>Les pr\u00e9sentes conditions d\u2019utilisation sont \u00e9galement r\u00e9gies et interpr\u00e9t\u00e9es conform\u00e9ment aux lois de la province de l\u2019Ontario, sans tenir compte des principes de conflits des lois ou sans y donner effet. Vous acceptez que toute poursuite ou demande en \u00e9quit\u00e9 due ou reli\u00e9e aux pr\u00e9sentes conditions d\u2019utilisation soit d\u00e9pos\u00e9e uniquement devant les tribunaux provinciaux ou f\u00e9d\u00e9raux de la ville d\u2019Ottawa, en Ontario. Vous consentez de plus \u00e0 respecter la comp\u00e9tence exclusive de ces tribunaux pour r\u00e9soudre de tels conflits et \u00e0 leur pr\u00e9senter vos demandes. Si une disposition des pr\u00e9sentes conditions d\u2019utilisation est contraire \u00e0 la loi, nulle ou inex\u00e9cutable pour une quelconque raison, cette disposition sera alors r\u00e9put\u00e9e s\u00e9parable des pr\u00e9sentes conditions d\u2019utilisation et n\u2019aura aucun effet sur la validit\u00e9 et le caract\u00e8re ex\u00e9cutoire des dispositions restantes. Les pr\u00e9sentes conditions constituent la totalit\u00e9 de l\u2019entente entre nous en ce qui concerne l\u2019objet des pr\u00e9sentes et ne peuvent pas \u00eatre modifi\u00e9es sauf par un \u00e9crit sign\u00e9 par les deux parties.<\/p>\n\n\n\n<h2 class=\"wp-block-heading\"><a><\/a>Aucun d\u00e9marchage<\/h2>\n\n\n\n<p>Le site et les renseignements qu\u2019il contient ne constituent pas une offre ou du d\u00e9marchage pour l\u2019achat ou la vente de valeurs mobili\u00e8res.<\/p>\n<\/div><\/div>\n","protected":false},"excerpt":{"rendered":"<p>Introduction Bienvenue sur le site Web (ci-apr\u00e8s appel\u00e9 le \u00ab&nbsp;site&nbsp;\u00bb) de M\u00e9dicaments novateurs Canada (ci-apr\u00e8s appel\u00e9e \u00ab&nbsp;MNC&nbsp;\u00bb). Sauf indication contraire, [&hellip;]<\/p>\n","protected":false},"author":12,"featured_media":13659,"parent":0,"menu_order":0,"comment_status":"closed","ping_status":"closed","template":"","meta":{"_relevanssi_hide_post":"","_relevanssi_hide_content":"","_relevanssi_pin_for_all":"","_relevanssi_pin_keywords":"","_relevanssi_unpin_keywords":"","_relevanssi_related_keywords":"","_relevanssi_related_include_ids":"","_relevanssi_related_exclude_ids":"","_relevanssi_related_no_append":"","_relevanssi_related_not_related":"","_relevanssi_related_posts":"9178,9184,9192,9194,9196,9198","_relevanssi_noindex_reason":"","footnotes":""},"class_list":["post-13885","page","type-page","status-publish","has-post-thumbnail","hentry"],"yoast_head":"<!-- This site is optimized with the Yoast SEO plugin v27.4 - https:\/\/yoast.com\/product\/yoast-seo-wordpress\/ -->\n<title>Conditions d\u2019utilisation - Innovative Medicines Canada<\/title>\n<meta name=\"robots\" content=\"index, follow, max-snippet:-1, max-image-preview:large, max-video-preview:-1\" \/>\n<link rel=\"canonical\" href=\"https:\/\/innovativemedicines.ca\/fr\/conditions-dutilisation\/\" \/>\n<meta property=\"og:locale\" content=\"fr_FR\" \/>\n<meta property=\"og:type\" content=\"article\" \/>\n<meta property=\"og:title\" content=\"Conditions d\u2019utilisation - Innovative Medicines Canada\" \/>\n<meta property=\"og:description\" content=\"Introduction Bienvenue sur le site Web (ci-apr\u00e8s appel\u00e9 le \u00ab&nbsp;site&nbsp;\u00bb) de M\u00e9dicaments novateurs Canada (ci-apr\u00e8s appel\u00e9e \u00ab&nbsp;MNC&nbsp;\u00bb). Sauf indication contraire, [&hellip;]\" \/>\n<meta property=\"og:url\" content=\"https:\/\/innovativemedicines.ca\/fr\/conditions-dutilisation\/\" \/>\n<meta property=\"og:site_name\" content=\"Innovative Medicines Canada\" \/>\n<meta property=\"article:modified_time\" content=\"2022-06-28T00:05:14+00:00\" \/>\n<meta property=\"og:image\" content=\"https:\/\/innovativemedicines.ca\/wp-content\/uploads\/2022\/06\/terms-conditions-hero.jpg\" \/>\n\t<meta property=\"og:image:width\" content=\"1920\" \/>\n\t<meta property=\"og:image:height\" content=\"1281\" \/>\n\t<meta property=\"og:image:type\" content=\"image\/jpeg\" \/>\n<meta name=\"twitter:card\" content=\"summary_large_image\" \/>\n<meta name=\"twitter:label1\" content=\"Dur\u00e9e de lecture estim\u00e9e\" \/>\n\t<meta name=\"twitter:data1\" content=\"7 minutes\" \/>\n<script type=\"application\/ld+json\" class=\"yoast-schema-graph\">{\"@context\":\"https:\\\/\\\/schema.org\",\"@graph\":[{\"@type\":\"WebPage\",\"@id\":\"https:\\\/\\\/innovativemedicines.ca\\\/fr\\\/conditions-dutilisation\\\/\",\"url\":\"https:\\\/\\\/innovativemedicines.ca\\\/fr\\\/conditions-dutilisation\\\/\",\"name\":\"Conditions d\u2019utilisation - Innovative Medicines Canada\",\"isPartOf\":{\"@id\":\"https:\\\/\\\/innovativemedicines.ca\\\/fr\\\/#website\"},\"primaryImageOfPage\":{\"@id\":\"https:\\\/\\\/innovativemedicines.ca\\\/fr\\\/conditions-dutilisation\\\/#primaryimage\"},\"image\":{\"@id\":\"https:\\\/\\\/innovativemedicines.ca\\\/fr\\\/conditions-dutilisation\\\/#primaryimage\"},\"thumbnailUrl\":\"https:\\\/\\\/innovativemedicines.ca\\\/wp-content\\\/uploads\\\/2022\\\/06\\\/terms-conditions-hero.jpg\",\"datePublished\":\"2022-05-12T17:41:12+00:00\",\"dateModified\":\"2022-06-28T00:05:14+00:00\",\"breadcrumb\":{\"@id\":\"https:\\\/\\\/innovativemedicines.ca\\\/fr\\\/conditions-dutilisation\\\/#breadcrumb\"},\"inLanguage\":\"fr-FR\",\"potentialAction\":[{\"@type\":\"ReadAction\",\"target\":[\"https:\\\/\\\/innovativemedicines.ca\\\/fr\\\/conditions-dutilisation\\\/\"]}]},{\"@type\":\"ImageObject\",\"inLanguage\":\"fr-FR\",\"@id\":\"https:\\\/\\\/innovativemedicines.ca\\\/fr\\\/conditions-dutilisation\\\/#primaryimage\",\"url\":\"https:\\\/\\\/innovativemedicines.ca\\\/wp-content\\\/uploads\\\/2022\\\/06\\\/terms-conditions-hero.jpg\",\"contentUrl\":\"https:\\\/\\\/innovativemedicines.ca\\\/wp-content\\\/uploads\\\/2022\\\/06\\\/terms-conditions-hero.jpg\",\"width\":1920,\"height\":1281},{\"@type\":\"BreadcrumbList\",\"@id\":\"https:\\\/\\\/innovativemedicines.ca\\\/fr\\\/conditions-dutilisation\\\/#breadcrumb\",\"itemListElement\":[{\"@type\":\"ListItem\",\"position\":1,\"name\":\"Home\",\"item\":\"https:\\\/\\\/innovativemedicines.ca\\\/fr\\\/\"},{\"@type\":\"ListItem\",\"position\":2,\"name\":\"Conditions d\u2019utilisation\"}]},{\"@type\":\"WebSite\",\"@id\":\"https:\\\/\\\/innovativemedicines.ca\\\/fr\\\/#website\",\"url\":\"https:\\\/\\\/innovativemedicines.ca\\\/fr\\\/\",\"name\":\"Innovative Medicines Canada\",\"description\":\"Transforming Canadians\u2019 lives\",\"potentialAction\":[{\"@type\":\"SearchAction\",\"target\":{\"@type\":\"EntryPoint\",\"urlTemplate\":\"https:\\\/\\\/innovativemedicines.ca\\\/fr\\\/?s={search_term_string}\"},\"query-input\":{\"@type\":\"PropertyValueSpecification\",\"valueRequired\":true,\"valueName\":\"search_term_string\"}}],\"inLanguage\":\"fr-FR\"}]}<\/script>\n<!-- \/ Yoast SEO plugin. -->","yoast_head_json":{"title":"Conditions d\u2019utilisation - Innovative Medicines Canada","robots":{"index":"index","follow":"follow","max-snippet":"max-snippet:-1","max-image-preview":"max-image-preview:large","max-video-preview":"max-video-preview:-1"},"canonical":"https:\/\/innovativemedicines.ca\/fr\/conditions-dutilisation\/","og_locale":"fr_FR","og_type":"article","og_title":"Conditions d\u2019utilisation - Innovative Medicines Canada","og_description":"Introduction Bienvenue sur le site Web (ci-apr\u00e8s appel\u00e9 le \u00ab&nbsp;site&nbsp;\u00bb) de M\u00e9dicaments novateurs Canada (ci-apr\u00e8s appel\u00e9e \u00ab&nbsp;MNC&nbsp;\u00bb). Sauf indication contraire, [&hellip;]","og_url":"https:\/\/innovativemedicines.ca\/fr\/conditions-dutilisation\/","og_site_name":"Innovative Medicines Canada","article_modified_time":"2022-06-28T00:05:14+00:00","og_image":[{"width":1920,"height":1281,"url":"https:\/\/innovativemedicines.ca\/wp-content\/uploads\/2022\/06\/terms-conditions-hero.jpg","type":"image\/jpeg"}],"twitter_card":"summary_large_image","twitter_misc":{"Dur\u00e9e de lecture estim\u00e9e":"7 minutes"},"schema":{"@context":"https:\/\/schema.org","@graph":[{"@type":"WebPage","@id":"https:\/\/innovativemedicines.ca\/fr\/conditions-dutilisation\/","url":"https:\/\/innovativemedicines.ca\/fr\/conditions-dutilisation\/","name":"Conditions d\u2019utilisation - Innovative Medicines Canada","isPartOf":{"@id":"https:\/\/innovativemedicines.ca\/fr\/#website"},"primaryImageOfPage":{"@id":"https:\/\/innovativemedicines.ca\/fr\/conditions-dutilisation\/#primaryimage"},"image":{"@id":"https:\/\/innovativemedicines.ca\/fr\/conditions-dutilisation\/#primaryimage"},"thumbnailUrl":"https:\/\/innovativemedicines.ca\/wp-content\/uploads\/2022\/06\/terms-conditions-hero.jpg","datePublished":"2022-05-12T17:41:12+00:00","dateModified":"2022-06-28T00:05:14+00:00","breadcrumb":{"@id":"https:\/\/innovativemedicines.ca\/fr\/conditions-dutilisation\/#breadcrumb"},"inLanguage":"fr-FR","potentialAction":[{"@type":"ReadAction","target":["https:\/\/innovativemedicines.ca\/fr\/conditions-dutilisation\/"]}]},{"@type":"ImageObject","inLanguage":"fr-FR","@id":"https:\/\/innovativemedicines.ca\/fr\/conditions-dutilisation\/#primaryimage","url":"https:\/\/innovativemedicines.ca\/wp-content\/uploads\/2022\/06\/terms-conditions-hero.jpg","contentUrl":"https:\/\/innovativemedicines.ca\/wp-content\/uploads\/2022\/06\/terms-conditions-hero.jpg","width":1920,"height":1281},{"@type":"BreadcrumbList","@id":"https:\/\/innovativemedicines.ca\/fr\/conditions-dutilisation\/#breadcrumb","itemListElement":[{"@type":"ListItem","position":1,"name":"Home","item":"https:\/\/innovativemedicines.ca\/fr\/"},{"@type":"ListItem","position":2,"name":"Conditions d\u2019utilisation"}]},{"@type":"WebSite","@id":"https:\/\/innovativemedicines.ca\/fr\/#website","url":"https:\/\/innovativemedicines.ca\/fr\/","name":"Innovative Medicines Canada","description":"Transforming Canadians\u2019 lives","potentialAction":[{"@type":"SearchAction","target":{"@type":"EntryPoint","urlTemplate":"https:\/\/innovativemedicines.ca\/fr\/?s={search_term_string}"},"query-input":{"@type":"PropertyValueSpecification","valueRequired":true,"valueName":"search_term_string"}}],"inLanguage":"fr-FR"}]}},"_links":{"self":[{"href":"https:\/\/innovativemedicines.ca\/fr\/wp-json\/wp\/v2\/pages\/13885","targetHints":{"allow":["GET"]}}],"collection":[{"href":"https:\/\/innovativemedicines.ca\/fr\/wp-json\/wp\/v2\/pages"}],"about":[{"href":"https:\/\/innovativemedicines.ca\/fr\/wp-json\/wp\/v2\/types\/page"}],"author":[{"embeddable":true,"href":"https:\/\/innovativemedicines.ca\/fr\/wp-json\/wp\/v2\/users\/12"}],"replies":[{"embeddable":true,"href":"https:\/\/innovativemedicines.ca\/fr\/wp-json\/wp\/v2\/comments?post=13885"}],"version-history":[{"count":0,"href":"https:\/\/innovativemedicines.ca\/fr\/wp-json\/wp\/v2\/pages\/13885\/revisions"}],"wp:featuredmedia":[{"embeddable":true,"href":"https:\/\/innovativemedicines.ca\/fr\/wp-json\/wp\/v2\/media\/13659"}],"wp:attachment":[{"href":"https:\/\/innovativemedicines.ca\/fr\/wp-json\/wp\/v2\/media?parent=13885"}],"curies":[{"name":"wp","href":"https:\/\/api.w.org\/{rel}","templated":true}]}}