{"id":13881,"date":"2022-05-12T13:44:07","date_gmt":"2022-05-12T17:44:07","guid":{"rendered":"https:\/\/imedcprod.wpengine.com\/?page_id=13881"},"modified":"2026-02-13T16:48:54","modified_gmt":"2026-02-13T21:48:54","slug":"toutes-les-nouvelles","status":"publish","type":"page","link":"https:\/\/innovativemedicines.ca\/fr\/actualites\/toutes-les-nouvelles\/","title":{"rendered":"Actualit\u00e9s"},"content":{"rendered":"\n<div class=\"wp-block-group alignfull is-padded archive-hero has-light-grey-background-color has-background\"><div class=\"wp-block-group__inner-container is-layout-flow wp-block-group-is-layout-flow\">\n<span class=\"breadcrumbs\">\n            <span class=\"eyebrow crumb\"><a href=\"https:\/\/innovativemedicines.ca\/fr\/actualites\/\">Actualit\u00e9s<\/a><\/span>\n    <\/span>\n\n\n<h1 class=\"wp-block-post-title\">Actualit\u00e9s<\/h1>\n\n\n<p class=\"has-lead-font-size\">Restez inform\u00e9 gr\u00e2ce aux plus r\u00e9cents communiqu\u00e9s de presse, aux mises \u00e0 jour de l\u2019industrie et aux donn\u00e9es de M\u00e9dicaments novateurs Canada.<\/p>\n<\/div><\/div>\n","protected":false},"excerpt":{"rendered":"<p>Restez inform\u00e9 gr\u00e2ce aux plus r\u00e9cents communiqu\u00e9s de presse, aux mises \u00e0 jour de l\u2019industrie et aux donn\u00e9es de M\u00e9dicaments [&hellip;]<\/p>\n","protected":false},"author":12,"featured_media":0,"parent":13880,"menu_order":0,"comment_status":"closed","ping_status":"closed","template":"templates\/pages\/archive-news.php","meta":{"_relevanssi_hide_post":"","_relevanssi_hide_content":"","_relevanssi_pin_for_all":"","_relevanssi_pin_keywords":"","_relevanssi_unpin_keywords":"","_relevanssi_related_keywords":"","_relevanssi_related_include_ids":"","_relevanssi_related_exclude_ids":"","_relevanssi_related_no_append":"","_relevanssi_related_not_related":"","_relevanssi_related_posts":"9178,9184,9192,9194,9196,9198","_relevanssi_noindex_reason":"","footnotes":""},"class_list":["post-13881","page","type-page","status-publish","hentry"],"yoast_head":"<!-- This site is optimized with the Yoast SEO plugin v24.4 - https:\/\/yoast.com\/wordpress\/plugins\/seo\/ -->\n<title>Actualit\u00e9s - Innovative Medicines Canada<\/title>\n<meta name=\"robots\" content=\"index, follow, max-snippet:-1, max-image-preview:large, max-video-preview:-1\" \/>\n<link rel=\"canonical\" href=\"https:\/\/innovativemedicines.ca\/fr\/actualites\/toutes-les-nouvelles\/\" \/>\n<meta property=\"og:locale\" content=\"fr_FR\" \/>\n<meta property=\"og:type\" content=\"article\" \/>\n<meta property=\"og:title\" content=\"Actualit\u00e9s - Innovative Medicines Canada\" \/>\n<meta property=\"og:description\" content=\"Restez inform\u00e9 gr\u00e2ce aux plus r\u00e9cents communiqu\u00e9s de presse, aux mises \u00e0 jour de l\u2019industrie et aux donn\u00e9es de M\u00e9dicaments [&hellip;]\" \/>\n<meta property=\"og:url\" content=\"https:\/\/innovativemedicines.ca\/fr\/actualites\/toutes-les-nouvelles\/\" \/>\n<meta property=\"og:site_name\" content=\"Innovative Medicines Canada\" \/>\n<meta property=\"article:modified_time\" content=\"2026-02-13T21:48:54+00:00\" \/>\n<meta name=\"twitter:card\" content=\"summary_large_image\" \/>\n<meta name=\"twitter:label1\" content=\"Dur\u00e9e de lecture estim\u00e9e\" \/>\n\t<meta name=\"twitter:data1\" content=\"1 minute\" \/>\n<script type=\"application\/ld+json\" class=\"yoast-schema-graph\">{\"@context\":\"https:\/\/schema.org\",\"@graph\":[{\"@type\":\"WebPage\",\"@id\":\"https:\/\/innovativemedicines.ca\/fr\/actualites\/toutes-les-nouvelles\/\",\"url\":\"https:\/\/innovativemedicines.ca\/fr\/actualites\/toutes-les-nouvelles\/\",\"name\":\"Actualit\u00e9s - Innovative Medicines Canada\",\"isPartOf\":{\"@id\":\"https:\/\/innovativemedicines.ca\/fr\/#website\"},\"datePublished\":\"2022-05-12T17:44:07+00:00\",\"dateModified\":\"2026-02-13T21:48:54+00:00\",\"breadcrumb\":{\"@id\":\"https:\/\/innovativemedicines.ca\/fr\/actualites\/toutes-les-nouvelles\/#breadcrumb\"},\"inLanguage\":\"fr-FR\",\"potentialAction\":[{\"@type\":\"ReadAction\",\"target\":[\"https:\/\/innovativemedicines.ca\/fr\/actualites\/toutes-les-nouvelles\/\"]}]},{\"@type\":\"BreadcrumbList\",\"@id\":\"https:\/\/innovativemedicines.ca\/fr\/actualites\/toutes-les-nouvelles\/#breadcrumb\",\"itemListElement\":[{\"@type\":\"ListItem\",\"position\":1,\"name\":\"Home\",\"item\":\"https:\/\/innovativemedicines.ca\/fr\/\"},{\"@type\":\"ListItem\",\"position\":2,\"name\":\"Actualit\u00e9s\",\"item\":\"https:\/\/innovativemedicines.ca\/fr\/actualites\/\"},{\"@type\":\"ListItem\",\"position\":3,\"name\":\"Actualit\u00e9s\"}]},{\"@type\":\"WebSite\",\"@id\":\"https:\/\/innovativemedicines.ca\/fr\/#website\",\"url\":\"https:\/\/innovativemedicines.ca\/fr\/\",\"name\":\"Innovative Medicines Canada\",\"description\":\"Transforming Canadians\u2019 lives\",\"potentialAction\":[{\"@type\":\"SearchAction\",\"target\":{\"@type\":\"EntryPoint\",\"urlTemplate\":\"https:\/\/innovativemedicines.ca\/fr\/?s={search_term_string}\"},\"query-input\":{\"@type\":\"PropertyValueSpecification\",\"valueRequired\":true,\"valueName\":\"search_term_string\"}}],\"inLanguage\":\"fr-FR\"}]}<\/script>\n<!-- \/ Yoast SEO plugin. -->","yoast_head_json":{"title":"Actualit\u00e9s - Innovative Medicines Canada","robots":{"index":"index","follow":"follow","max-snippet":"max-snippet:-1","max-image-preview":"max-image-preview:large","max-video-preview":"max-video-preview:-1"},"canonical":"https:\/\/innovativemedicines.ca\/fr\/actualites\/toutes-les-nouvelles\/","og_locale":"fr_FR","og_type":"article","og_title":"Actualit\u00e9s - Innovative Medicines Canada","og_description":"Restez inform\u00e9 gr\u00e2ce aux plus r\u00e9cents communiqu\u00e9s de presse, aux mises \u00e0 jour de l\u2019industrie et aux donn\u00e9es de M\u00e9dicaments [&hellip;]","og_url":"https:\/\/innovativemedicines.ca\/fr\/actualites\/toutes-les-nouvelles\/","og_site_name":"Innovative Medicines Canada","article_modified_time":"2026-02-13T21:48:54+00:00","twitter_card":"summary_large_image","twitter_misc":{"Dur\u00e9e de lecture estim\u00e9e":"1 minute"},"schema":{"@context":"https:\/\/schema.org","@graph":[{"@type":"WebPage","@id":"https:\/\/innovativemedicines.ca\/fr\/actualites\/toutes-les-nouvelles\/","url":"https:\/\/innovativemedicines.ca\/fr\/actualites\/toutes-les-nouvelles\/","name":"Actualit\u00e9s - Innovative Medicines Canada","isPartOf":{"@id":"https:\/\/innovativemedicines.ca\/fr\/#website"},"datePublished":"2022-05-12T17:44:07+00:00","dateModified":"2026-02-13T21:48:54+00:00","breadcrumb":{"@id":"https:\/\/innovativemedicines.ca\/fr\/actualites\/toutes-les-nouvelles\/#breadcrumb"},"inLanguage":"fr-FR","potentialAction":[{"@type":"ReadAction","target":["https:\/\/innovativemedicines.ca\/fr\/actualites\/toutes-les-nouvelles\/"]}]},{"@type":"BreadcrumbList","@id":"https:\/\/innovativemedicines.ca\/fr\/actualites\/toutes-les-nouvelles\/#breadcrumb","itemListElement":[{"@type":"ListItem","position":1,"name":"Home","item":"https:\/\/innovativemedicines.ca\/fr\/"},{"@type":"ListItem","position":2,"name":"Actualit\u00e9s","item":"https:\/\/innovativemedicines.ca\/fr\/actualites\/"},{"@type":"ListItem","position":3,"name":"Actualit\u00e9s"}]},{"@type":"WebSite","@id":"https:\/\/innovativemedicines.ca\/fr\/#website","url":"https:\/\/innovativemedicines.ca\/fr\/","name":"Innovative Medicines Canada","description":"Transforming Canadians\u2019 lives","potentialAction":[{"@type":"SearchAction","target":{"@type":"EntryPoint","urlTemplate":"https:\/\/innovativemedicines.ca\/fr\/?s={search_term_string}"},"query-input":{"@type":"PropertyValueSpecification","valueRequired":true,"valueName":"search_term_string"}}],"inLanguage":"fr-FR"}]}},"_links":{"self":[{"href":"https:\/\/innovativemedicines.ca\/fr\/wp-json\/wp\/v2\/pages\/13881","targetHints":{"allow":["GET"]}}],"collection":[{"href":"https:\/\/innovativemedicines.ca\/fr\/wp-json\/wp\/v2\/pages"}],"about":[{"href":"https:\/\/innovativemedicines.ca\/fr\/wp-json\/wp\/v2\/types\/page"}],"author":[{"embeddable":true,"href":"https:\/\/innovativemedicines.ca\/fr\/wp-json\/wp\/v2\/users\/12"}],"replies":[{"embeddable":true,"href":"https:\/\/innovativemedicines.ca\/fr\/wp-json\/wp\/v2\/comments?post=13881"}],"version-history":[{"count":1,"href":"https:\/\/innovativemedicines.ca\/fr\/wp-json\/wp\/v2\/pages\/13881\/revisions"}],"predecessor-version":[{"id":19306,"href":"https:\/\/innovativemedicines.ca\/fr\/wp-json\/wp\/v2\/pages\/13881\/revisions\/19306"}],"up":[{"embeddable":true,"href":"https:\/\/innovativemedicines.ca\/fr\/wp-json\/wp\/v2\/pages\/13880"}],"wp:attachment":[{"href":"https:\/\/innovativemedicines.ca\/fr\/wp-json\/wp\/v2\/media?parent=13881"}],"curies":[{"name":"wp","href":"https:\/\/api.w.org\/{rel}","templated":true}]}}