{"id":13877,"date":"2022-05-12T13:45:52","date_gmt":"2022-05-12T17:45:52","guid":{"rendered":"https:\/\/imedcprod.wpengine.com\/?page_id=13877"},"modified":"2026-03-26T04:15:26","modified_gmt":"2026-03-26T08:15:26","slug":"demandes-de-parrainage","status":"publish","type":"page","link":"https:\/\/innovativemedicines.ca\/fr\/demandes-de-parrainage\/","title":{"rendered":"Demandes de commandite"},"content":{"rendered":"\n<div class=\"wp-block-cover alignfull is-light has-custom-content-position is-position-bottom-left hero tall\"><span aria-hidden=\"true\" class=\"wp-block-cover__background has-background-dim wp-block-cover__gradient-background has-background-gradient\" style=\"background:linear-gradient(360deg,#000000CB 0%,#00000033 100%)\"><\/span><img loading=\"lazy\" decoding=\"async\" width=\"1920\" height=\"1280\" class=\"wp-block-cover__image-background wp-image-14030\" alt=\"\" src=\"https:\/\/innovativemedicines.ca\/wp-content\/uploads\/2022\/06\/sponsorship-application-hero.jpg\" data-object-fit=\"cover\" srcset=\"https:\/\/innovativemedicines.ca\/wp-content\/uploads\/2022\/06\/sponsorship-application-hero.jpg 1920w, https:\/\/innovativemedicines.ca\/wp-content\/uploads\/2022\/06\/sponsorship-application-hero-300x200.jpg 300w, https:\/\/innovativemedicines.ca\/wp-content\/uploads\/2022\/06\/sponsorship-application-hero-1024x683.jpg 1024w, https:\/\/innovativemedicines.ca\/wp-content\/uploads\/2022\/06\/sponsorship-application-hero-768x512.jpg 768w, https:\/\/innovativemedicines.ca\/wp-content\/uploads\/2022\/06\/sponsorship-application-hero-1536x1024.jpg 1536w, https:\/\/innovativemedicines.ca\/wp-content\/uploads\/2022\/06\/sponsorship-application-hero-744x496.jpg 744w\" sizes=\"auto, (max-width: 1920px) 100vw, 1920px\" \/><div class=\"wp-block-cover__inner-container is-layout-flow wp-block-cover-is-layout-flow\">\n<div class=\"wp-block-group\"><div class=\"wp-block-group__inner-container is-layout-flow wp-block-group-is-layout-flow\"><h1 class=\"wp-block-post-title has-text-color has-white-color\">Demandes de commandite<\/h1>\n\n\n<p class=\"h4 has-white-color has-text-color\">Les compagnies pharmaceutiques novatrices du Canada collaborent avec des partenaires de l\u2019\u00e9cosyst\u00e8me des sciences de la vie afin d\u2019am\u00e9liorer l\u2019acc\u00e8s aux m\u00e9dicaments pouvant changer et sauver des vies.<\/p>\n<\/div><\/div>\n<\/div><\/div>\n\n\n\n<div class=\"wp-block-group\"><div class=\"wp-block-group__inner-container is-layout-flow wp-block-group-is-layout-flow\">\n<div class=\"wp-block-group\"><div class=\"wp-block-group__inner-container is-layout-flow wp-block-group-is-layout-flow\">\n<p>M\u00e9dicaments novateurs Canada soutient des initiatives de sensibilisation, d\u2019\u00e9ducation et d\u2019am\u00e9lioration de l\u2019acc\u00e8s aux traitements novateurs.<\/p>\n\n\n\n<ul class=\"wp-block-list\">\n<li><a href=\"https:\/\/imc-mnc.smapply.ca\/acc\/l\" target=\"_blank\" rel=\"noreferrer noopener\">Se connecter pour poursuivre une demande existante<\/a><\/li>\n\n\n\n<li><a href=\"https:\/\/imc-mnc.smapply.ca\/acc\/r\" target=\"_blank\" rel=\"noreferrer noopener\">Remplir une nouvelle demande<\/a><\/li>\n\n\n\n<li><a href=\"https:\/\/claude.ai\/chat\/5e9b57bc-1c37-4e61-b5e2-fb4174a85a6a#deadlines\">Conna\u00eetre les dates limites<\/a><\/li>\n<\/ul>\n<\/div><\/div>\n\n\n\n<div class=\"wp-block-group\"><div class=\"wp-block-group__inner-container is-layout-flow wp-block-group-is-layout-flow\">\n<h3 class=\"wp-block-heading\">Admissibilit\u00e9<\/h3>\n\n\n\n<p>Nous vous remercions de nous envisager comme partenaire potentiel. Afin de garantir votre admissibilit\u00e9, nous avons d\u00e9fini ci-dessous les crit\u00e8res d\u2019admissibilit\u00e9 et les priorit\u00e9s de financement.<\/p>\n\n\n\n<p>Nous soutenons les demandes qui d\u00e9montrent un alignement strat\u00e9gique sur notre mission et cr\u00e9ent des occasions de partenariats \u00e0 long terme dans les domaines suivants.<\/p>\n\n\n\n<ul class=\"wp-block-list\">\n<li>Acc\u00e8s aux m\u00e9dicaments novateurs<\/li>\n\n\n\n<li>Promotion de la sant\u00e9 et am\u00e9lioration des r\u00e9sultats sur la sant\u00e9 des Canadiens<\/li>\n\n\n\n<li>Initiatives de sensibilisation aux maladies<\/li>\n\n\n\n<li>Programmes de sensibilisation dans le domaine des sciences de la sant\u00e9<\/li>\n<\/ul>\n<\/div><\/div>\n\n\n\n<div class=\"wp-block-group\"><div class=\"wp-block-group__inner-container is-layout-flow wp-block-group-is-layout-flow\">\n<h4 class=\"wp-block-heading\">Partenaires prioritaires<\/h4>\n\n\n\n<ul class=\"wp-block-list\">\n<li>Groupes de patients et de consommateurs<\/li>\n\n\n\n<li>Professionnels de la sant\u00e9<\/li>\n\n\n\n<li>Communaut\u00e9 universitaire<\/li>\n\n\n\n<li>Communaut\u00e9 des affaires<\/li>\n\n\n\n<li>Organisations du secteur des sciences de la vie<\/li>\n<\/ul>\n<\/div><\/div>\n\n\n\n<div class=\"wp-block-group\"><div class=\"wp-block-group__inner-container is-layout-flow wp-block-group-is-layout-flow\">\n<h3 class=\"wp-block-heading\">Crit\u00e8res de financement<\/h3>\n\n\n\n<p>Pour \u00eatre admissible au financement, votre demande doit clairement d\u00e9montrer votre conformit\u00e9 aux documents suivants.<\/p>\n\n\n\n<ul class=\"wp-block-list\">\n<li><a href=\"https:\/\/innovativemedicines.ca\/fr\/a-propos\/#mission-vision\"><\/a><a href=\"https:\/\/innovativemedicines.ca\/fr\/a-propos\/#mission-vision\" target=\"_blank\" rel=\"noreferrer noopener\">\u00c9nonc\u00e9 de mission de M\u00e9dicaments novateurs Canada<\/a><\/li>\n\n\n\n<li><a href=\"https:\/\/innovativemedicines.ca\/fr\/a-propos\/ethique\/#code-of-ethics\"><\/a><a href=\"https:\/\/innovativemedicines.ca\/fr\/a-propos\/ethique\/#code-of-ethics\" target=\"_blank\" rel=\"noreferrer noopener\">Code d\u2019\u00e9thique de M\u00e9dicaments novateurs Canada<\/a><\/li>\n\n\n\n<li><a href=\"https:\/\/innovativemedicines.ca\/wp-content\/uploads\/2019\/12\/IMC-EthicalPractices-2020-web-lowres-FR.pdf#page=17\"><\/a><a href=\"https:\/\/innovativemedicines.ca\/wp-content\/uploads\/2019\/12\/IMC-EthicalPractices-2020-web-lowres-FR.pdf#page=17\" target=\"_blank\" rel=\"noreferrer noopener\">Lignes directrices relatives \u00e0 la transparence du financement des intervenants<\/a><\/li>\n<\/ul>\n<\/div><\/div>\n\n\n\n<div class=\"wp-block-group\"><div class=\"wp-block-group__inner-container is-layout-flow wp-block-group-is-layout-flow\">\n<h3 class=\"wp-block-heading\">Dates limites des demandes<\/h3>\n\n\n\n<p>Nous examinons les demandes de commandite tous les trimestres. Veuillez consulter le calendrier ci-dessous<\/p>\n\n\n\n<figure class=\"wp-block-table alignleft\"><table class=\"has-fixed-layout\"><thead><tr><th><strong>Date limite des demandes<\/strong><\/th><th><strong>Date de d\u00e9cision<\/strong><\/th><th><strong>Acheminement des fonds<\/strong><\/th><\/tr><\/thead><tbody><tr><td>1er janvier<\/td><td>1er mars<\/td><td>1er avril<\/td><\/tr><tr><td>1er avril<\/td><td>1er juin<\/td><td>1er juillet<\/td><\/tr><tr><td>1er juillet<\/td><td>1er septembre<\/td><td>1er octobre<\/td><\/tr><tr><td>1er octobre<\/td><td>1er d\u00e9cembre<\/td><td>1er janvier<\/td><\/tr><\/tbody><\/table><\/figure>\n<\/div><\/div>\n\n\n\n<div class=\"wp-block-group\"><div class=\"wp-block-group__inner-container is-layout-flow wp-block-group-is-layout-flow\">\n\n\n\n\n\n\n\n\n\n\n\n\n\n\n\n\n\n\n\n\n<h3 class=\"wp-block-heading\">Types de financement<\/h3>\n\n\n\n<p>M\u00e9dicaments novateurs Canada offre les types de financement suivants.<\/p>\n\n\n\n<ul class=\"wp-block-list\">\n<li>Subventions sans restriction<\/li>\n\n\n\n<li>Commandites (g\u00e9n\u00e9ralement jusqu\u2019\u00e0 un maximum de 10&nbsp;000&nbsp;$)<\/li>\n<\/ul>\n\n\n\n<h4 class=\"wp-block-heading\">Restrictions relatives au financement<\/h4>\n\n\n\n<p>Nous n\u2019appuyons <strong>pas<\/strong> financi\u00e8rement&nbsp;:<\/p>\n\n\n\n<ul class=\"wp-block-list\">\n<li>les particuliers;<\/li>\n\n\n\n<li>les programmes artistiques, culturels et de divertissement;<\/li>\n\n\n\n<li>la participation individuelle \u00e0 des conf\u00e9rences, \u00e0 des s\u00e9minaires ou \u00e0 des activit\u00e9s semblables;<\/li>\n\n\n\n<li>les activit\u00e9s de collecte de fonds ou les \u00e9v\u00e9nements participatifs comme des tournois, des ventes aux ench\u00e8res, des \u00e9v\u00e9nements-b\u00e9n\u00e9fices et des d\u00eeners;<\/li>\n\n\n\n<li>les achats de billets ne faisant pas partie d\u2019un partenariat \u00e9largi;<\/li>\n\n\n\n<li>les programmes qui ne correspondent pas \u00e0 au moins une de nos priorit\u00e9s strat\u00e9giques.<\/li>\n<\/ul>\n\n\n\n<h4 class=\"wp-block-heading\">Suivi des demandes d\u00e9pos\u00e9es<\/h4>\n\n\n\n<p>Une fois votre demande soumise, vous recevrez un courriel de confirmation. En raison des volumes importants, nous ne sommes pas en mesure de fournir des mises \u00e0 jour par t\u00e9l\u00e9phone, par t\u00e9l\u00e9copieur ou par courriel. Tous les demandeurs conna\u00eetront notre d\u00e9cision dans les d\u00e9lais applicables. Nous vous remercions de votre patience. <\/p>\n\n\n\n<p>Pour toute question, veuillez \u00e9crire \u00e0 <a href=\"mailto:sponsorships@imc-mnc.ca\" target=\"_blank\" rel=\"noreferrer noopener\">sponsorships@imc-mnc.ca<\/a>.<\/p>\n<\/div><\/div>\n<\/div><\/div>\n","protected":false},"excerpt":{"rendered":"<p>M\u00e9dicaments novateurs Canada soutient des initiatives qui font progresser la recherche, sensibilisent le public et am\u00e9liorent l\u2019acc\u00e8s aux m\u00e9dicaments novateurs.<\/p>\n","protected":false},"author":12,"featured_media":14030,"parent":0,"menu_order":0,"comment_status":"closed","ping_status":"closed","template":"","meta":{"_relevanssi_hide_post":"","_relevanssi_hide_content":"","_relevanssi_pin_for_all":"","_relevanssi_pin_keywords":"","_relevanssi_unpin_keywords":"","_relevanssi_related_keywords":"","_relevanssi_related_include_ids":"","_relevanssi_related_exclude_ids":"","_relevanssi_related_no_append":"","_relevanssi_related_not_related":"","_relevanssi_related_posts":"9178,9184,9192,9194,9196,9198","_relevanssi_noindex_reason":"","footnotes":""},"class_list":["post-13877","page","type-page","status-publish","has-post-thumbnail","hentry"],"yoast_head":"<!-- This site is optimized with the Yoast SEO plugin v27.4 - https:\/\/yoast.com\/product\/yoast-seo-wordpress\/ -->\n<title>Demandes de commandite - Innovative Medicines Canada<\/title>\n<meta name=\"robots\" content=\"index, follow, max-snippet:-1, max-image-preview:large, max-video-preview:-1\" \/>\n<link rel=\"canonical\" href=\"https:\/\/innovativemedicines.ca\/fr\/demandes-de-parrainage\/\" \/>\n<meta property=\"og:locale\" content=\"fr_FR\" \/>\n<meta property=\"og:type\" content=\"article\" \/>\n<meta property=\"og:title\" content=\"Demandes de commandite - Innovative Medicines Canada\" \/>\n<meta property=\"og:description\" content=\"M\u00e9dicaments novateurs Canada soutient des initiatives qui font progresser la recherche, sensibilisent le public et am\u00e9liorent l\u2019acc\u00e8s aux m\u00e9dicaments novateurs.\" \/>\n<meta property=\"og:url\" content=\"https:\/\/innovativemedicines.ca\/fr\/demandes-de-parrainage\/\" \/>\n<meta property=\"og:site_name\" content=\"Innovative Medicines Canada\" \/>\n<meta property=\"article:modified_time\" content=\"2026-03-26T08:15:26+00:00\" \/>\n<meta property=\"og:image\" content=\"https:\/\/innovativemedicines.ca\/wp-content\/uploads\/2022\/06\/sponsorship-application-hero.jpg\" \/>\n\t<meta property=\"og:image:width\" content=\"1920\" \/>\n\t<meta property=\"og:image:height\" content=\"1280\" \/>\n\t<meta property=\"og:image:type\" content=\"image\/jpeg\" \/>\n<meta name=\"twitter:card\" content=\"summary_large_image\" \/>\n<meta name=\"twitter:label1\" content=\"Dur\u00e9e de lecture estim\u00e9e\" \/>\n\t<meta name=\"twitter:data1\" content=\"3 minutes\" \/>\n<script type=\"application\/ld+json\" class=\"yoast-schema-graph\">{\"@context\":\"https:\\\/\\\/schema.org\",\"@graph\":[{\"@type\":\"WebPage\",\"@id\":\"https:\\\/\\\/innovativemedicines.ca\\\/fr\\\/demandes-de-parrainage\\\/\",\"url\":\"https:\\\/\\\/innovativemedicines.ca\\\/fr\\\/demandes-de-parrainage\\\/\",\"name\":\"Demandes de commandite - Innovative Medicines Canada\",\"isPartOf\":{\"@id\":\"https:\\\/\\\/innovativemedicines.ca\\\/fr\\\/#website\"},\"primaryImageOfPage\":{\"@id\":\"https:\\\/\\\/innovativemedicines.ca\\\/fr\\\/demandes-de-parrainage\\\/#primaryimage\"},\"image\":{\"@id\":\"https:\\\/\\\/innovativemedicines.ca\\\/fr\\\/demandes-de-parrainage\\\/#primaryimage\"},\"thumbnailUrl\":\"https:\\\/\\\/innovativemedicines.ca\\\/wp-content\\\/uploads\\\/2022\\\/06\\\/sponsorship-application-hero.jpg\",\"datePublished\":\"2022-05-12T17:45:52+00:00\",\"dateModified\":\"2026-03-26T08:15:26+00:00\",\"breadcrumb\":{\"@id\":\"https:\\\/\\\/innovativemedicines.ca\\\/fr\\\/demandes-de-parrainage\\\/#breadcrumb\"},\"inLanguage\":\"fr-FR\",\"potentialAction\":[{\"@type\":\"ReadAction\",\"target\":[\"https:\\\/\\\/innovativemedicines.ca\\\/fr\\\/demandes-de-parrainage\\\/\"]}]},{\"@type\":\"ImageObject\",\"inLanguage\":\"fr-FR\",\"@id\":\"https:\\\/\\\/innovativemedicines.ca\\\/fr\\\/demandes-de-parrainage\\\/#primaryimage\",\"url\":\"https:\\\/\\\/innovativemedicines.ca\\\/wp-content\\\/uploads\\\/2022\\\/06\\\/sponsorship-application-hero.jpg\",\"contentUrl\":\"https:\\\/\\\/innovativemedicines.ca\\\/wp-content\\\/uploads\\\/2022\\\/06\\\/sponsorship-application-hero.jpg\",\"width\":1920,\"height\":1280},{\"@type\":\"BreadcrumbList\",\"@id\":\"https:\\\/\\\/innovativemedicines.ca\\\/fr\\\/demandes-de-parrainage\\\/#breadcrumb\",\"itemListElement\":[{\"@type\":\"ListItem\",\"position\":1,\"name\":\"Home\",\"item\":\"https:\\\/\\\/innovativemedicines.ca\\\/fr\\\/\"},{\"@type\":\"ListItem\",\"position\":2,\"name\":\"Demandes de commandite\"}]},{\"@type\":\"WebSite\",\"@id\":\"https:\\\/\\\/innovativemedicines.ca\\\/fr\\\/#website\",\"url\":\"https:\\\/\\\/innovativemedicines.ca\\\/fr\\\/\",\"name\":\"Innovative Medicines Canada\",\"description\":\"Transforming Canadians\u2019 lives\",\"potentialAction\":[{\"@type\":\"SearchAction\",\"target\":{\"@type\":\"EntryPoint\",\"urlTemplate\":\"https:\\\/\\\/innovativemedicines.ca\\\/fr\\\/?s={search_term_string}\"},\"query-input\":{\"@type\":\"PropertyValueSpecification\",\"valueRequired\":true,\"valueName\":\"search_term_string\"}}],\"inLanguage\":\"fr-FR\"}]}<\/script>\n<!-- \/ Yoast SEO plugin. -->","yoast_head_json":{"title":"Demandes de commandite - Innovative Medicines Canada","robots":{"index":"index","follow":"follow","max-snippet":"max-snippet:-1","max-image-preview":"max-image-preview:large","max-video-preview":"max-video-preview:-1"},"canonical":"https:\/\/innovativemedicines.ca\/fr\/demandes-de-parrainage\/","og_locale":"fr_FR","og_type":"article","og_title":"Demandes de commandite - Innovative Medicines Canada","og_description":"M\u00e9dicaments novateurs Canada soutient des initiatives qui font progresser la recherche, sensibilisent le public et am\u00e9liorent l\u2019acc\u00e8s aux m\u00e9dicaments novateurs.","og_url":"https:\/\/innovativemedicines.ca\/fr\/demandes-de-parrainage\/","og_site_name":"Innovative Medicines Canada","article_modified_time":"2026-03-26T08:15:26+00:00","og_image":[{"width":1920,"height":1280,"url":"https:\/\/innovativemedicines.ca\/wp-content\/uploads\/2022\/06\/sponsorship-application-hero.jpg","type":"image\/jpeg"}],"twitter_card":"summary_large_image","twitter_misc":{"Dur\u00e9e de lecture estim\u00e9e":"3 minutes"},"schema":{"@context":"https:\/\/schema.org","@graph":[{"@type":"WebPage","@id":"https:\/\/innovativemedicines.ca\/fr\/demandes-de-parrainage\/","url":"https:\/\/innovativemedicines.ca\/fr\/demandes-de-parrainage\/","name":"Demandes de commandite - Innovative Medicines Canada","isPartOf":{"@id":"https:\/\/innovativemedicines.ca\/fr\/#website"},"primaryImageOfPage":{"@id":"https:\/\/innovativemedicines.ca\/fr\/demandes-de-parrainage\/#primaryimage"},"image":{"@id":"https:\/\/innovativemedicines.ca\/fr\/demandes-de-parrainage\/#primaryimage"},"thumbnailUrl":"https:\/\/innovativemedicines.ca\/wp-content\/uploads\/2022\/06\/sponsorship-application-hero.jpg","datePublished":"2022-05-12T17:45:52+00:00","dateModified":"2026-03-26T08:15:26+00:00","breadcrumb":{"@id":"https:\/\/innovativemedicines.ca\/fr\/demandes-de-parrainage\/#breadcrumb"},"inLanguage":"fr-FR","potentialAction":[{"@type":"ReadAction","target":["https:\/\/innovativemedicines.ca\/fr\/demandes-de-parrainage\/"]}]},{"@type":"ImageObject","inLanguage":"fr-FR","@id":"https:\/\/innovativemedicines.ca\/fr\/demandes-de-parrainage\/#primaryimage","url":"https:\/\/innovativemedicines.ca\/wp-content\/uploads\/2022\/06\/sponsorship-application-hero.jpg","contentUrl":"https:\/\/innovativemedicines.ca\/wp-content\/uploads\/2022\/06\/sponsorship-application-hero.jpg","width":1920,"height":1280},{"@type":"BreadcrumbList","@id":"https:\/\/innovativemedicines.ca\/fr\/demandes-de-parrainage\/#breadcrumb","itemListElement":[{"@type":"ListItem","position":1,"name":"Home","item":"https:\/\/innovativemedicines.ca\/fr\/"},{"@type":"ListItem","position":2,"name":"Demandes de commandite"}]},{"@type":"WebSite","@id":"https:\/\/innovativemedicines.ca\/fr\/#website","url":"https:\/\/innovativemedicines.ca\/fr\/","name":"Innovative Medicines Canada","description":"Transforming Canadians\u2019 lives","potentialAction":[{"@type":"SearchAction","target":{"@type":"EntryPoint","urlTemplate":"https:\/\/innovativemedicines.ca\/fr\/?s={search_term_string}"},"query-input":{"@type":"PropertyValueSpecification","valueRequired":true,"valueName":"search_term_string"}}],"inLanguage":"fr-FR"}]}},"_links":{"self":[{"href":"https:\/\/innovativemedicines.ca\/fr\/wp-json\/wp\/v2\/pages\/13877","targetHints":{"allow":["GET"]}}],"collection":[{"href":"https:\/\/innovativemedicines.ca\/fr\/wp-json\/wp\/v2\/pages"}],"about":[{"href":"https:\/\/innovativemedicines.ca\/fr\/wp-json\/wp\/v2\/types\/page"}],"author":[{"embeddable":true,"href":"https:\/\/innovativemedicines.ca\/fr\/wp-json\/wp\/v2\/users\/12"}],"replies":[{"embeddable":true,"href":"https:\/\/innovativemedicines.ca\/fr\/wp-json\/wp\/v2\/comments?post=13877"}],"version-history":[{"count":9,"href":"https:\/\/innovativemedicines.ca\/fr\/wp-json\/wp\/v2\/pages\/13877\/revisions"}],"predecessor-version":[{"id":19561,"href":"https:\/\/innovativemedicines.ca\/fr\/wp-json\/wp\/v2\/pages\/13877\/revisions\/19561"}],"wp:featuredmedia":[{"embeddable":true,"href":"https:\/\/innovativemedicines.ca\/fr\/wp-json\/wp\/v2\/media\/14030"}],"wp:attachment":[{"href":"https:\/\/innovativemedicines.ca\/fr\/wp-json\/wp\/v2\/media?parent=13877"}],"curies":[{"name":"wp","href":"https:\/\/api.w.org\/{rel}","templated":true}]}}