{"id":13694,"date":"2022-05-12T13:43:30","date_gmt":"2022-05-12T17:43:30","guid":{"rendered":"https:\/\/imedcprod.wpengine.com\/crt\/"},"modified":"2026-02-19T15:54:36","modified_gmt":"2026-02-19T20:54:36","slug":"crt","status":"publish","type":"page","link":"https:\/\/innovativemedicines.ca\/fr\/ressources\/crt\/","title":{"rendered":"Calendrier des remboursements publics au Canada"},"content":{"rendered":"\n<div class=\"wp-block-cover alignfull is-light has-custom-content-position is-position-bottom-left hero tall\"><span aria-hidden=\"true\" class=\"wp-block-cover__background has-background-dim wp-block-cover__gradient-background has-background-gradient\" style=\"background:linear-gradient(360deg,#000000CB 0%,#00000033 100%)\"><\/span><img loading=\"lazy\" decoding=\"async\" width=\"1920\" height=\"1280\" class=\"wp-block-cover__image-background wp-image-13660\" alt=\"\" src=\"https:\/\/innovativemedicines.ca\/wp-content\/uploads\/2022\/06\/cdn-pub-reimb-time-hero.jpg\" style=\"object-position:50% 23%\" data-object-fit=\"cover\" data-object-position=\"50% 23%\" srcset=\"https:\/\/innovativemedicines.ca\/wp-content\/uploads\/2022\/06\/cdn-pub-reimb-time-hero.jpg 1920w, https:\/\/innovativemedicines.ca\/wp-content\/uploads\/2022\/06\/cdn-pub-reimb-time-hero-300x200.jpg 300w, https:\/\/innovativemedicines.ca\/wp-content\/uploads\/2022\/06\/cdn-pub-reimb-time-hero-1024x683.jpg 1024w, https:\/\/innovativemedicines.ca\/wp-content\/uploads\/2022\/06\/cdn-pub-reimb-time-hero-768x512.jpg 768w, https:\/\/innovativemedicines.ca\/wp-content\/uploads\/2022\/06\/cdn-pub-reimb-time-hero-1536x1024.jpg 1536w, https:\/\/innovativemedicines.ca\/wp-content\/uploads\/2022\/06\/cdn-pub-reimb-time-hero-744x496.jpg 744w, https:\/\/innovativemedicines.ca\/wp-content\/uploads\/2022\/06\/cdn-pub-reimb-time-hero-800x534.jpg 800w\" sizes=\"auto, (max-width: 1920px) 100vw, 1920px\" \/><div class=\"wp-block-cover__inner-container is-layout-flow wp-block-cover-is-layout-flow\">\n<div class=\"wp-block-group\"><div class=\"wp-block-group__inner-container is-layout-flow wp-block-group-is-layout-flow\">\n<span class=\"breadcrumbs\">\n            <span class=\"eyebrow crumb\"><a href=\"https:\/\/innovativemedicines.ca\/fr\/ressources\/\">Ressources<\/a><\/span>\n    <\/span>\n\n\n<h1 class=\"wp-block-post-title has-text-color has-white-color\">Calendrier des remboursements publics au Canada<\/h1>\n\n\n<p class=\"h4 has-white-color has-text-color\">L\u2019am\u00e9lioration de l\u2019acc\u00e8s aux nouveaux m\u00e9dicaments est un enjeu majeur du syst\u00e8me de sant\u00e9 canadien&nbsp;\u2013 et l\u2019un des principaux domaines d\u2019int\u00e9r\u00eats de M\u00e9dicaments novateurs Canada..<\/p>\n<\/div><\/div>\n<\/div><\/div>\n\n\n\n<div class=\"wp-block-group\"><div class=\"wp-block-group__inner-container is-layout-flow wp-block-group-is-layout-flow\">\n<p>Nous croyons que <a href=\"https:\/\/innovativemedicines.ca\/fr\/a-propos\/#mission-vision\"><\/a><a href=\"https:\/\/innovativemedicines.ca\/fr\/a-propos\/#mission-vision\">l\u2019\u00e9change transparent d\u2019informations est indispensable<\/a> pour trouver des solutions de mani\u00e8re collaborative et pour renforcer la viabilit\u00e9 des syst\u00e8mes de sant\u00e9 du pays. Dans cette optique, M\u00e9dicaments novateurs Canada a cr\u00e9\u00e9 cette page pour pr\u00e9senter les mises \u00e0 jour et les tendances en mati\u00e8re de remboursement des m\u00e9dicaments au Canada et dans les pays de l\u2019OCDE.<\/p>\n\n\n\n<p>Cette page est r\u00e9guli\u00e8rement mise \u00e0 jour et comprend des donn\u00e9es et des analyses sur les processus de remboursement public, notamment en ce qui concerne&nbsp;:<\/p>\n\n\n\n<ul class=\"wp-block-list\">\n<li>le d\u00e9lai d\u2019acc\u00e8s aux nouveaux m\u00e9dicaments;<\/li>\n\n\n\n<li>le volume des n\u00e9gociations en cours;<\/li>\n\n\n\n<li>les principaux param\u00e8tres de rendement de l\u2019APP.<\/li>\n<\/ul>\n\n\n\n<p>MNC collecte et agr\u00e8ge de fa\u00e7on ind\u00e9pendante les donn\u00e9es provenant notamment des sources suivantes&nbsp;: comparaison internationale de remboursement d\u2019IQVIA, Sant\u00e9&nbsp;Canada, Agence des m\u00e9dicaments du Canada (AMC), Institut national d\u2019excellence en sant\u00e9 et en services sociaux (INESSS), Alliance pancanadienne pharmaceutique (APP) et diverses listes provinciales de m\u00e9dicaments.<\/p>\n<\/div><\/div>\n\n\n\n<div class=\"wp-block-group\"><div class=\"wp-block-group__inner-container is-layout-flow wp-block-group-is-layout-flow\">\n<div class=\"wp-block-group low-margin featured-section\"><div class=\"wp-block-group__inner-container is-layout-flow wp-block-group-is-layout-flow\">\n<h2 class=\"wp-block-heading is-style-eyebrow\"><strong>Donn\u00e9es relatives au calendrier de l\u2019APP<\/strong><\/h2>\n\n\n\n<p>T\u00e9l\u00e9chargez des graphiques de tendance refl\u00e9tant les donn\u00e9es trimestrielles les plus r\u00e9centes.<\/p>\n\n\n\n<div class=\"wp-block-buttons is-layout-flex wp-block-buttons-is-layout-flex\">\n<div class=\"wp-block-button\"><a class=\"wp-block-button__link wp-element-button\" href=\"https:\/\/innovativemedicines.ca\/wp-content\/uploads\/2025\/08\/6869_IMC_2025_Q2_PCPA-trends-charts_updates_fre.pdf\" target=\"_blank\" rel=\"noreferrer noopener\">T\u00e9l\u00e9charger tout<\/a><\/div>\n<\/div>\n<\/div><\/div>\n\n\n\n<div class=\"wp-block-group alignwide low-margin\"><div class=\"wp-block-group__inner-container is-layout-flow wp-block-group-is-layout-flow\">\n<div class=\"wp-block-group alignwide low-margin\"><div class=\"wp-block-group__inner-container is-layout-flow wp-block-group-is-layout-flow\">\n<figure class=\"wp-block-image size-large\"><img loading=\"lazy\" decoding=\"async\" width=\"1024\" height=\"819\" src=\"https:\/\/innovativemedicines.ca\/wp-content\/uploads\/2025\/08\/6869_IMC_2025_Q2_PCPA-trends-charts_updates_Chart-1_fre-1024x819.jpg\" alt=\"\" class=\"wp-image-18744\" srcset=\"https:\/\/innovativemedicines.ca\/wp-content\/uploads\/2025\/08\/6869_IMC_2025_Q2_PCPA-trends-charts_updates_Chart-1_fre-1024x819.jpg 1024w, https:\/\/innovativemedicines.ca\/wp-content\/uploads\/2025\/08\/6869_IMC_2025_Q2_PCPA-trends-charts_updates_Chart-1_fre-300x240.jpg 300w, https:\/\/innovativemedicines.ca\/wp-content\/uploads\/2025\/08\/6869_IMC_2025_Q2_PCPA-trends-charts_updates_Chart-1_fre-768x614.jpg 768w, https:\/\/innovativemedicines.ca\/wp-content\/uploads\/2025\/08\/6869_IMC_2025_Q2_PCPA-trends-charts_updates_Chart-1_fre-1536x1229.jpg 1536w, https:\/\/innovativemedicines.ca\/wp-content\/uploads\/2025\/08\/6869_IMC_2025_Q2_PCPA-trends-charts_updates_Chart-1_fre-2048x1638.jpg 2048w, https:\/\/innovativemedicines.ca\/wp-content\/uploads\/2025\/08\/6869_IMC_2025_Q2_PCPA-trends-charts_updates_Chart-1_fre-720x576.jpg 720w, https:\/\/innovativemedicines.ca\/wp-content\/uploads\/2025\/08\/6869_IMC_2025_Q2_PCPA-trends-charts_updates_Chart-1_fre-scaled.jpg 1980w\" sizes=\"auto, (max-width: 1024px) 100vw, 1024px\" \/><\/figure>\n<\/div><\/div>\n\n\n\n<div class=\"wp-block-group alignwide low-margin\"><div class=\"wp-block-group__inner-container is-layout-flow wp-block-group-is-layout-flow\">\n<figure class=\"wp-block-image size-large\"><img loading=\"lazy\" decoding=\"async\" width=\"1024\" height=\"819\" src=\"https:\/\/innovativemedicines.ca\/wp-content\/uploads\/2025\/08\/6869_IMC_2025_Q2_PCPA-trends-charts_updates_Chart-2_fre-1024x819.jpg\" alt=\"\" class=\"wp-image-18747\" srcset=\"https:\/\/innovativemedicines.ca\/wp-content\/uploads\/2025\/08\/6869_IMC_2025_Q2_PCPA-trends-charts_updates_Chart-2_fre-1024x819.jpg 1024w, https:\/\/innovativemedicines.ca\/wp-content\/uploads\/2025\/08\/6869_IMC_2025_Q2_PCPA-trends-charts_updates_Chart-2_fre-300x240.jpg 300w, https:\/\/innovativemedicines.ca\/wp-content\/uploads\/2025\/08\/6869_IMC_2025_Q2_PCPA-trends-charts_updates_Chart-2_fre-768x614.jpg 768w, https:\/\/innovativemedicines.ca\/wp-content\/uploads\/2025\/08\/6869_IMC_2025_Q2_PCPA-trends-charts_updates_Chart-2_fre-1536x1229.jpg 1536w, https:\/\/innovativemedicines.ca\/wp-content\/uploads\/2025\/08\/6869_IMC_2025_Q2_PCPA-trends-charts_updates_Chart-2_fre-2048x1638.jpg 2048w, https:\/\/innovativemedicines.ca\/wp-content\/uploads\/2025\/08\/6869_IMC_2025_Q2_PCPA-trends-charts_updates_Chart-2_fre-720x576.jpg 720w, https:\/\/innovativemedicines.ca\/wp-content\/uploads\/2025\/08\/6869_IMC_2025_Q2_PCPA-trends-charts_updates_Chart-2_fre-scaled.jpg 1980w\" sizes=\"auto, (max-width: 1024px) 100vw, 1024px\" \/><\/figure>\n<\/div><\/div>\n\n\n\n<figure class=\"wp-block-image size-large\"><img loading=\"lazy\" decoding=\"async\" width=\"1024\" height=\"819\" src=\"https:\/\/innovativemedicines.ca\/wp-content\/uploads\/2025\/08\/6869_IMC_2025_Q2_PCPA-trends-charts_updates_Chart-3_eng-1-1024x819.jpg\" alt=\"\" class=\"wp-image-18749\" srcset=\"https:\/\/innovativemedicines.ca\/wp-content\/uploads\/2025\/08\/6869_IMC_2025_Q2_PCPA-trends-charts_updates_Chart-3_eng-1-1024x819.jpg 1024w, https:\/\/innovativemedicines.ca\/wp-content\/uploads\/2025\/08\/6869_IMC_2025_Q2_PCPA-trends-charts_updates_Chart-3_eng-1-300x240.jpg 300w, https:\/\/innovativemedicines.ca\/wp-content\/uploads\/2025\/08\/6869_IMC_2025_Q2_PCPA-trends-charts_updates_Chart-3_eng-1-768x614.jpg 768w, https:\/\/innovativemedicines.ca\/wp-content\/uploads\/2025\/08\/6869_IMC_2025_Q2_PCPA-trends-charts_updates_Chart-3_eng-1-1536x1229.jpg 1536w, https:\/\/innovativemedicines.ca\/wp-content\/uploads\/2025\/08\/6869_IMC_2025_Q2_PCPA-trends-charts_updates_Chart-3_eng-1-2048x1638.jpg 2048w, https:\/\/innovativemedicines.ca\/wp-content\/uploads\/2025\/08\/6869_IMC_2025_Q2_PCPA-trends-charts_updates_Chart-3_eng-1-720x576.jpg 720w, https:\/\/innovativemedicines.ca\/wp-content\/uploads\/2025\/08\/6869_IMC_2025_Q2_PCPA-trends-charts_updates_Chart-3_eng-1-scaled.jpg 1980w\" sizes=\"auto, (max-width: 1024px) 100vw, 1024px\" \/><\/figure>\n\n\n\n<div class=\"wp-block-group alignwide low-margin\"><div class=\"wp-block-group__inner-container is-layout-flow wp-block-group-is-layout-flow\">\n<figure class=\"wp-block-image size-large\"><img loading=\"lazy\" decoding=\"async\" width=\"1024\" height=\"819\" src=\"https:\/\/innovativemedicines.ca\/wp-content\/uploads\/2025\/08\/6869_IMC_2025_Q2_PCPA-trends-charts_updates_Chart-4_fre-1024x819.jpg\" alt=\"\" class=\"wp-image-18751\" srcset=\"https:\/\/innovativemedicines.ca\/wp-content\/uploads\/2025\/08\/6869_IMC_2025_Q2_PCPA-trends-charts_updates_Chart-4_fre-1024x819.jpg 1024w, https:\/\/innovativemedicines.ca\/wp-content\/uploads\/2025\/08\/6869_IMC_2025_Q2_PCPA-trends-charts_updates_Chart-4_fre-300x240.jpg 300w, https:\/\/innovativemedicines.ca\/wp-content\/uploads\/2025\/08\/6869_IMC_2025_Q2_PCPA-trends-charts_updates_Chart-4_fre-768x614.jpg 768w, https:\/\/innovativemedicines.ca\/wp-content\/uploads\/2025\/08\/6869_IMC_2025_Q2_PCPA-trends-charts_updates_Chart-4_fre-1536x1229.jpg 1536w, https:\/\/innovativemedicines.ca\/wp-content\/uploads\/2025\/08\/6869_IMC_2025_Q2_PCPA-trends-charts_updates_Chart-4_fre-2048x1638.jpg 2048w, https:\/\/innovativemedicines.ca\/wp-content\/uploads\/2025\/08\/6869_IMC_2025_Q2_PCPA-trends-charts_updates_Chart-4_fre-720x576.jpg 720w, https:\/\/innovativemedicines.ca\/wp-content\/uploads\/2025\/08\/6869_IMC_2025_Q2_PCPA-trends-charts_updates_Chart-4_fre-scaled.jpg 1980w\" sizes=\"auto, (max-width: 1024px) 100vw, 1024px\" \/><\/figure>\n<\/div><\/div>\n\n\n\n<figure class=\"wp-block-image size-large\"><img loading=\"lazy\" decoding=\"async\" width=\"1024\" height=\"819\" src=\"https:\/\/innovativemedicines.ca\/wp-content\/uploads\/2025\/08\/6869_IMC_2025_Q2_PCPA-trends-charts_updates_Chart-5_fre-1024x819.jpg\" alt=\"\" class=\"wp-image-18753\" srcset=\"https:\/\/innovativemedicines.ca\/wp-content\/uploads\/2025\/08\/6869_IMC_2025_Q2_PCPA-trends-charts_updates_Chart-5_fre-1024x819.jpg 1024w, https:\/\/innovativemedicines.ca\/wp-content\/uploads\/2025\/08\/6869_IMC_2025_Q2_PCPA-trends-charts_updates_Chart-5_fre-300x240.jpg 300w, https:\/\/innovativemedicines.ca\/wp-content\/uploads\/2025\/08\/6869_IMC_2025_Q2_PCPA-trends-charts_updates_Chart-5_fre-768x614.jpg 768w, https:\/\/innovativemedicines.ca\/wp-content\/uploads\/2025\/08\/6869_IMC_2025_Q2_PCPA-trends-charts_updates_Chart-5_fre-1536x1229.jpg 1536w, https:\/\/innovativemedicines.ca\/wp-content\/uploads\/2025\/08\/6869_IMC_2025_Q2_PCPA-trends-charts_updates_Chart-5_fre-2048x1638.jpg 2048w, https:\/\/innovativemedicines.ca\/wp-content\/uploads\/2025\/08\/6869_IMC_2025_Q2_PCPA-trends-charts_updates_Chart-5_fre-720x576.jpg 720w, https:\/\/innovativemedicines.ca\/wp-content\/uploads\/2025\/08\/6869_IMC_2025_Q2_PCPA-trends-charts_updates_Chart-5_fre-scaled.jpg 1980w\" sizes=\"auto, (max-width: 1024px) 100vw, 1024px\" \/><\/figure>\n\n\n\n<div class=\"wp-block-group alignwide low-margin\"><div class=\"wp-block-group__inner-container is-layout-flow wp-block-group-is-layout-flow\">\n<figure class=\"wp-block-image size-large\"><img loading=\"lazy\" decoding=\"async\" width=\"1024\" height=\"819\" src=\"https:\/\/innovativemedicines.ca\/wp-content\/uploads\/2025\/08\/6869_IMC_2025_Q2_PCPA-trends-charts_updates_Chart-6_fre-1024x819.jpg\" alt=\"\" class=\"wp-image-18755\" srcset=\"https:\/\/innovativemedicines.ca\/wp-content\/uploads\/2025\/08\/6869_IMC_2025_Q2_PCPA-trends-charts_updates_Chart-6_fre-1024x819.jpg 1024w, https:\/\/innovativemedicines.ca\/wp-content\/uploads\/2025\/08\/6869_IMC_2025_Q2_PCPA-trends-charts_updates_Chart-6_fre-300x240.jpg 300w, https:\/\/innovativemedicines.ca\/wp-content\/uploads\/2025\/08\/6869_IMC_2025_Q2_PCPA-trends-charts_updates_Chart-6_fre-768x614.jpg 768w, https:\/\/innovativemedicines.ca\/wp-content\/uploads\/2025\/08\/6869_IMC_2025_Q2_PCPA-trends-charts_updates_Chart-6_fre-1536x1229.jpg 1536w, https:\/\/innovativemedicines.ca\/wp-content\/uploads\/2025\/08\/6869_IMC_2025_Q2_PCPA-trends-charts_updates_Chart-6_fre-2048x1638.jpg 2048w, https:\/\/innovativemedicines.ca\/wp-content\/uploads\/2025\/08\/6869_IMC_2025_Q2_PCPA-trends-charts_updates_Chart-6_fre-720x576.jpg 720w, https:\/\/innovativemedicines.ca\/wp-content\/uploads\/2025\/08\/6869_IMC_2025_Q2_PCPA-trends-charts_updates_Chart-6_fre-scaled.jpg 1980w\" sizes=\"auto, (max-width: 1024px) 100vw, 1024px\" \/><\/figure>\n<\/div><\/div>\n<\/div><\/div>\n<\/div><\/div>\n\n\n\n<div class=\"wp-block-group alignfull is-padded no-margin has-light-grey-background-color has-background\"><div class=\"wp-block-group__inner-container is-layout-flow wp-block-group-is-layout-flow\">\n<div class=\"wp-block-group featured-section is-theme-coral\"><div class=\"wp-block-group__inner-container is-layout-flow wp-block-group-is-layout-flow\">\n<div class=\"wp-block-group\"><div class=\"wp-block-group__inner-container is-layout-flow wp-block-group-is-layout-flow\">\n<h2 class=\"wp-block-heading is-style-eyebrow\"><strong>Ressources suppl\u00e9mentaires sur l\u2019APP<\/strong><\/h2>\n<\/div><\/div>\n\n\n\n<div class=\"wp-block-group featured-container\"><div class=\"wp-block-group__inner-container is-layout-flow wp-block-group-is-layout-flow\">\n<div class=\"empty-feature-wrapper\">\n\t<p>Sorry, no posts were found. Please check again later.<\/p>\n<\/div>\n<\/div><\/div>\n\n\n\n<div class=\"wp-block-buttons is-layout-flex wp-block-buttons-is-layout-flex\">\n<div class=\"wp-block-button\"><a class=\"wp-block-button__link has-black-color has-text-color wp-element-button\" href=\"https:\/\/innovativemedicines.ca\/fr\/ressources\/toutes-les-ressources\/?resource-category=canadian-public-reimbursement-timelines\">View all<\/a><\/div>\n<\/div>\n<\/div><\/div>\n<\/div><\/div>\n\n\n\n<div class=\"wp-block-group\"><div class=\"wp-block-group__inner-container is-layout-flow wp-block-group-is-layout-flow\">\n<div class=\"wp-block-group alignfull is-padded no-margin\"><div class=\"wp-block-group__inner-container is-layout-flow wp-block-group-is-layout-flow\">\n<div class=\"wp-block-group featured-section is-theme-green no-margin\"><div class=\"wp-block-group__inner-container is-layout-flow wp-block-group-is-layout-flow\">\n<div class=\"wp-block-group alignwide low-margin\"><div class=\"wp-block-group__inner-container is-layout-flow wp-block-group-is-layout-flow\">\n<h2 class=\"wp-block-heading is-style-eyebrow\"><strong>Analyse compl\u00e9mentaire<\/strong><\/h2>\n\n\n\n<ul class=\"wp-block-list\">\n<li>Examen de MORSE\u00a0Consulting sur les <a href=\"https:\/\/morseconsulting.ca\/market-access-signals\/\"><\/a><a href=\"https:\/\/morseconsulting.ca\/market-access-signals\/\">derni\u00e8res tendances et perspectives<\/a> (en anglais seulement)<\/li>\n\n\n\n<li><a href=\"https:\/\/morseconsulting.ca\/morse-consulting-releases-its-fourth-annual-pcpa-year-in-review-infographic-2020-edition\/\"><\/a><a href=\"https:\/\/morseconsulting.ca\/morse-consulting-releases-its-fourth-annual-pcpa-year-in-review-infographic-2020-edition\/\">4<sup>e<\/sup>\u00a0\u00e9dition du bilan annuel de l\u2019APP en r\u00e9sum\u00e9 graphique (\u00e9dition\u00a02020)<\/a> de MORSE Consulting (en anglais seulement)<\/li>\n\n\n\n<li><a href=\"https:\/\/morseconsulting.ca\/jury-still-out-on-whether-the-targeted-negotiations-process-tnp-impacts-pcpa-metrics\/\"><\/a><a href=\"https:\/\/morseconsulting.ca\/jury-still-out-on-whether-the-targeted-negotiations-process-tnp-impacts-pcpa-metrics\/\">Tendances et perspectives de l\u2019APP pour f\u00e9vrier\u00a02021<\/a> de MORSE Consulting (en anglais seulement)<\/li>\n<\/ul>\n<\/div><\/div>\n<\/div><\/div>\n<\/div><\/div>\n\n\n\n<p>Ces ressources tierces offrent des perspectives suppl\u00e9mentaires sur les d\u00e9lais de remboursement des m\u00e9dicaments et les tendances relatives aux politiques au Canada.<\/p>\n<\/div><\/div>\n","protected":false},"excerpt":{"rendered":"<p>L\u2019un des principes directeurs de M\u00e9dicaments novateurs Canada est de trouver des solutions pour rem\u00e9dier aux probl\u00e8mes du syst\u00e8me de sant\u00e9 canadien, notamment en ce qui concerne l\u2019acc\u00e8s aux nouveaux m\u00e9dicaments.<\/p>\n","protected":false},"author":1,"featured_media":13661,"parent":13884,"menu_order":0,"comment_status":"closed","ping_status":"closed","template":"","meta":{"_relevanssi_hide_post":"","_relevanssi_hide_content":"","_relevanssi_pin_for_all":"","_relevanssi_pin_keywords":"","_relevanssi_unpin_keywords":"","_relevanssi_related_keywords":"","_relevanssi_related_include_ids":"","_relevanssi_related_exclude_ids":"","_relevanssi_related_no_append":"","_relevanssi_related_not_related":"","_relevanssi_related_posts":"9151,9134,9159,9100,9132,9116","_relevanssi_noindex_reason":"","footnotes":""},"class_list":["post-13694","page","type-page","status-publish","has-post-thumbnail","hentry"],"yoast_head":"<!-- This site is optimized with the Yoast SEO plugin v24.4 - https:\/\/yoast.com\/wordpress\/plugins\/seo\/ -->\n<title>Calendrier des remboursements publics au Canada - Innovative Medicines Canada<\/title>\n<meta name=\"robots\" content=\"index, follow, max-snippet:-1, max-image-preview:large, max-video-preview:-1\" \/>\n<link rel=\"canonical\" href=\"https:\/\/innovativemedicines.ca\/fr\/ressources\/crt\/\" \/>\n<meta property=\"og:locale\" content=\"fr_FR\" \/>\n<meta property=\"og:type\" content=\"article\" \/>\n<meta property=\"og:title\" content=\"Calendrier des remboursements publics au Canada - Innovative Medicines Canada\" \/>\n<meta property=\"og:description\" content=\"L\u2019un des principes directeurs de M\u00e9dicaments novateurs Canada est de trouver des solutions pour rem\u00e9dier aux probl\u00e8mes du syst\u00e8me de sant\u00e9 canadien, notamment en ce qui concerne l\u2019acc\u00e8s aux nouveaux m\u00e9dicaments.\" \/>\n<meta property=\"og:url\" content=\"https:\/\/innovativemedicines.ca\/fr\/ressources\/crt\/\" \/>\n<meta property=\"og:site_name\" content=\"Innovative Medicines Canada\" \/>\n<meta property=\"article:modified_time\" content=\"2026-02-19T20:54:36+00:00\" \/>\n<meta property=\"og:image\" content=\"https:\/\/innovativemedicines.ca\/wp-content\/uploads\/2022\/06\/cdn-pub-reimb-time-hero.jpg\" \/>\n\t<meta property=\"og:image:width\" content=\"1920\" \/>\n\t<meta property=\"og:image:height\" content=\"1280\" \/>\n\t<meta property=\"og:image:type\" content=\"image\/jpeg\" \/>\n<meta name=\"twitter:card\" content=\"summary_large_image\" \/>\n<meta name=\"twitter:label1\" content=\"Dur\u00e9e de lecture estim\u00e9e\" \/>\n\t<meta name=\"twitter:data1\" content=\"3 minutes\" \/>\n<script type=\"application\/ld+json\" class=\"yoast-schema-graph\">{\"@context\":\"https:\/\/schema.org\",\"@graph\":[{\"@type\":\"WebPage\",\"@id\":\"https:\/\/innovativemedicines.ca\/fr\/ressources\/crt\/\",\"url\":\"https:\/\/innovativemedicines.ca\/fr\/ressources\/crt\/\",\"name\":\"Calendrier des remboursements publics au Canada - Innovative Medicines Canada\",\"isPartOf\":{\"@id\":\"https:\/\/innovativemedicines.ca\/fr\/#website\"},\"primaryImageOfPage\":{\"@id\":\"https:\/\/innovativemedicines.ca\/fr\/ressources\/crt\/#primaryimage\"},\"image\":{\"@id\":\"https:\/\/innovativemedicines.ca\/fr\/ressources\/crt\/#primaryimage\"},\"thumbnailUrl\":\"https:\/\/innovativemedicines.ca\/wp-content\/uploads\/2022\/06\/cdn-pub-reimb-time-hero.jpg\",\"datePublished\":\"2022-05-12T17:43:30+00:00\",\"dateModified\":\"2026-02-19T20:54:36+00:00\",\"breadcrumb\":{\"@id\":\"https:\/\/innovativemedicines.ca\/fr\/ressources\/crt\/#breadcrumb\"},\"inLanguage\":\"fr-FR\",\"potentialAction\":[{\"@type\":\"ReadAction\",\"target\":[\"https:\/\/innovativemedicines.ca\/fr\/ressources\/crt\/\"]}]},{\"@type\":\"ImageObject\",\"inLanguage\":\"fr-FR\",\"@id\":\"https:\/\/innovativemedicines.ca\/fr\/ressources\/crt\/#primaryimage\",\"url\":\"https:\/\/innovativemedicines.ca\/wp-content\/uploads\/2022\/06\/cdn-pub-reimb-time-hero.jpg\",\"contentUrl\":\"https:\/\/innovativemedicines.ca\/wp-content\/uploads\/2022\/06\/cdn-pub-reimb-time-hero.jpg\",\"width\":1920,\"height\":1280},{\"@type\":\"BreadcrumbList\",\"@id\":\"https:\/\/innovativemedicines.ca\/fr\/ressources\/crt\/#breadcrumb\",\"itemListElement\":[{\"@type\":\"ListItem\",\"position\":1,\"name\":\"Home\",\"item\":\"https:\/\/innovativemedicines.ca\/fr\/\"},{\"@type\":\"ListItem\",\"position\":2,\"name\":\"Ressources\",\"item\":\"https:\/\/innovativemedicines.ca\/fr\/ressources\/\"},{\"@type\":\"ListItem\",\"position\":3,\"name\":\"Calendrier des remboursements publics au Canada\"}]},{\"@type\":\"WebSite\",\"@id\":\"https:\/\/innovativemedicines.ca\/fr\/#website\",\"url\":\"https:\/\/innovativemedicines.ca\/fr\/\",\"name\":\"Innovative Medicines Canada\",\"description\":\"Transforming Canadians\u2019 lives\",\"potentialAction\":[{\"@type\":\"SearchAction\",\"target\":{\"@type\":\"EntryPoint\",\"urlTemplate\":\"https:\/\/innovativemedicines.ca\/fr\/?s={search_term_string}\"},\"query-input\":{\"@type\":\"PropertyValueSpecification\",\"valueRequired\":true,\"valueName\":\"search_term_string\"}}],\"inLanguage\":\"fr-FR\"}]}<\/script>\n<!-- \/ Yoast SEO plugin. -->","yoast_head_json":{"title":"Calendrier des remboursements publics au Canada - Innovative Medicines Canada","robots":{"index":"index","follow":"follow","max-snippet":"max-snippet:-1","max-image-preview":"max-image-preview:large","max-video-preview":"max-video-preview:-1"},"canonical":"https:\/\/innovativemedicines.ca\/fr\/ressources\/crt\/","og_locale":"fr_FR","og_type":"article","og_title":"Calendrier des remboursements publics au Canada - Innovative Medicines Canada","og_description":"L\u2019un des principes directeurs de M\u00e9dicaments novateurs Canada est de trouver des solutions pour rem\u00e9dier aux probl\u00e8mes du syst\u00e8me de sant\u00e9 canadien, notamment en ce qui concerne l\u2019acc\u00e8s aux nouveaux m\u00e9dicaments.","og_url":"https:\/\/innovativemedicines.ca\/fr\/ressources\/crt\/","og_site_name":"Innovative Medicines Canada","article_modified_time":"2026-02-19T20:54:36+00:00","og_image":[{"width":1920,"height":1280,"url":"https:\/\/innovativemedicines.ca\/wp-content\/uploads\/2022\/06\/cdn-pub-reimb-time-hero.jpg","type":"image\/jpeg"}],"twitter_card":"summary_large_image","twitter_misc":{"Dur\u00e9e de lecture estim\u00e9e":"3 minutes"},"schema":{"@context":"https:\/\/schema.org","@graph":[{"@type":"WebPage","@id":"https:\/\/innovativemedicines.ca\/fr\/ressources\/crt\/","url":"https:\/\/innovativemedicines.ca\/fr\/ressources\/crt\/","name":"Calendrier des remboursements publics au Canada - Innovative Medicines Canada","isPartOf":{"@id":"https:\/\/innovativemedicines.ca\/fr\/#website"},"primaryImageOfPage":{"@id":"https:\/\/innovativemedicines.ca\/fr\/ressources\/crt\/#primaryimage"},"image":{"@id":"https:\/\/innovativemedicines.ca\/fr\/ressources\/crt\/#primaryimage"},"thumbnailUrl":"https:\/\/innovativemedicines.ca\/wp-content\/uploads\/2022\/06\/cdn-pub-reimb-time-hero.jpg","datePublished":"2022-05-12T17:43:30+00:00","dateModified":"2026-02-19T20:54:36+00:00","breadcrumb":{"@id":"https:\/\/innovativemedicines.ca\/fr\/ressources\/crt\/#breadcrumb"},"inLanguage":"fr-FR","potentialAction":[{"@type":"ReadAction","target":["https:\/\/innovativemedicines.ca\/fr\/ressources\/crt\/"]}]},{"@type":"ImageObject","inLanguage":"fr-FR","@id":"https:\/\/innovativemedicines.ca\/fr\/ressources\/crt\/#primaryimage","url":"https:\/\/innovativemedicines.ca\/wp-content\/uploads\/2022\/06\/cdn-pub-reimb-time-hero.jpg","contentUrl":"https:\/\/innovativemedicines.ca\/wp-content\/uploads\/2022\/06\/cdn-pub-reimb-time-hero.jpg","width":1920,"height":1280},{"@type":"BreadcrumbList","@id":"https:\/\/innovativemedicines.ca\/fr\/ressources\/crt\/#breadcrumb","itemListElement":[{"@type":"ListItem","position":1,"name":"Home","item":"https:\/\/innovativemedicines.ca\/fr\/"},{"@type":"ListItem","position":2,"name":"Ressources","item":"https:\/\/innovativemedicines.ca\/fr\/ressources\/"},{"@type":"ListItem","position":3,"name":"Calendrier des remboursements publics au Canada"}]},{"@type":"WebSite","@id":"https:\/\/innovativemedicines.ca\/fr\/#website","url":"https:\/\/innovativemedicines.ca\/fr\/","name":"Innovative Medicines Canada","description":"Transforming Canadians\u2019 lives","potentialAction":[{"@type":"SearchAction","target":{"@type":"EntryPoint","urlTemplate":"https:\/\/innovativemedicines.ca\/fr\/?s={search_term_string}"},"query-input":{"@type":"PropertyValueSpecification","valueRequired":true,"valueName":"search_term_string"}}],"inLanguage":"fr-FR"}]}},"_links":{"self":[{"href":"https:\/\/innovativemedicines.ca\/fr\/wp-json\/wp\/v2\/pages\/13694","targetHints":{"allow":["GET"]}}],"collection":[{"href":"https:\/\/innovativemedicines.ca\/fr\/wp-json\/wp\/v2\/pages"}],"about":[{"href":"https:\/\/innovativemedicines.ca\/fr\/wp-json\/wp\/v2\/types\/page"}],"author":[{"embeddable":true,"href":"https:\/\/innovativemedicines.ca\/fr\/wp-json\/wp\/v2\/users\/1"}],"replies":[{"embeddable":true,"href":"https:\/\/innovativemedicines.ca\/fr\/wp-json\/wp\/v2\/comments?post=13694"}],"version-history":[{"count":10,"href":"https:\/\/innovativemedicines.ca\/fr\/wp-json\/wp\/v2\/pages\/13694\/revisions"}],"predecessor-version":[{"id":19400,"href":"https:\/\/innovativemedicines.ca\/fr\/wp-json\/wp\/v2\/pages\/13694\/revisions\/19400"}],"up":[{"embeddable":true,"href":"https:\/\/innovativemedicines.ca\/fr\/wp-json\/wp\/v2\/pages\/13884"}],"wp:featuredmedia":[{"embeddable":true,"href":"https:\/\/innovativemedicines.ca\/fr\/wp-json\/wp\/v2\/media\/13661"}],"wp:attachment":[{"href":"https:\/\/innovativemedicines.ca\/fr\/wp-json\/wp\/v2\/media?parent=13694"}],"curies":[{"name":"wp","href":"https:\/\/api.w.org\/{rel}","templated":true}]}}